{"id":1146,"date":"2022-12-09T12:30:50","date_gmt":"2022-12-09T12:30:50","guid":{"rendered":"https:\/\/kompatia.hu\/?page_id=1146"},"modified":"2026-01-26T15:12:20","modified_gmt":"2026-01-26T14:12:20","slug":"40-oras-halado-workshop","status":"publish","type":"page","link":"https:\/\/kompatia.hu\/en\/40-oras-halado-workshop\/","title":{"rendered":"40 \u00f3r\u00e1s halad\u00f3 workshop"},"content":{"rendered":"<div data-elementor-type=\"wp-page\" data-elementor-id=\"1146\" class=\"elementor elementor-1146\" data-elementor-settings=\"{&quot;ha_cmc_init_switcher&quot;:&quot;no&quot;}\" data-elementor-post-type=\"page\">\n\t\t\t\t\t\t<section class=\"elementor-section elementor-top-section elementor-element elementor-element-77a426b4 elementor-section-boxed elementor-section-height-default elementor-section-height-default\" data-id=\"77a426b4\" data-element_type=\"section\" data-e-type=\"section\" data-settings=\"{&quot;_ha_eqh_enable&quot;:false}\">\n\t\t\t\t\t\t<div class=\"elementor-container elementor-column-gap-default\">\n\t\t\t\t\t<div class=\"elementor-column elementor-col-100 elementor-top-column elementor-element elementor-element-38f6d974\" data-id=\"38f6d974\" data-element_type=\"column\" data-e-type=\"column\">\n\t\t\t<div class=\"elementor-widget-wrap elementor-element-populated\">\n\t\t\t\t\t\t<div class=\"elementor-element elementor-element-203ab9c2 elementor-widget elementor-widget-heading\" data-id=\"203ab9c2\" data-element_type=\"widget\" data-e-type=\"widget\" data-widget_type=\"heading.default\">\n\t\t\t\t<div class=\"elementor-widget-container\">\n\t\t\t\t\t<h2 class=\"elementor-heading-title elementor-size-default\">40 \u00f3r\u00e1s halad\u00f3 workshop<\/h2>\t\t\t\t<\/div>\n\t\t\t\t<\/div>\n\t\t\t\t<div class=\"elementor-element elementor-element-088bf8b elementor-widget elementor-widget-image\" data-id=\"088bf8b\" data-element_type=\"widget\" data-e-type=\"widget\" data-widget_type=\"image.default\">\n\t\t\t\t<div class=\"elementor-widget-container\">\n\t\t\t\t\t\t\t\t\t\t\t\t\t\t\t<img fetchpriority=\"high\" decoding=\"async\" width=\"768\" height=\"512\" src=\"https:\/\/kompatia.hu\/wp-content\/uploads\/2022\/12\/csoport-768x512.jpg\" class=\"attachment-medium_large size-medium_large wp-image-1080\" alt=\"\" srcset=\"https:\/\/kompatia.hu\/wp-content\/uploads\/2022\/12\/csoport-768x512.jpg 768w, https:\/\/kompatia.hu\/wp-content\/uploads\/2022\/12\/csoport-300x200.jpg 300w, https:\/\/kompatia.hu\/wp-content\/uploads\/2022\/12\/csoport-1024x683.jpg 1024w, https:\/\/kompatia.hu\/wp-content\/uploads\/2022\/12\/csoport-600x400.jpg 600w, https:\/\/kompatia.hu\/wp-content\/uploads\/2022\/12\/csoport.jpg 1500w\" sizes=\"(max-width: 768px) 100vw, 768px\" \/>\t\t\t\t\t\t\t\t\t\t\t\t\t\t\t<\/div>\n\t\t\t\t<\/div>\n\t\t\t\t\t<\/div>\n\t\t<\/div>\n\t\t\t\t\t<\/div>\n\t\t<\/section>\n\t\t\t\t<section class=\"elementor-section elementor-top-section elementor-element elementor-element-6bd220a elementor-section-boxed elementor-section-height-default elementor-section-height-default\" data-id=\"6bd220a\" data-element_type=\"section\" data-e-type=\"section\" data-settings=\"{&quot;_ha_eqh_enable&quot;:false}\">\n\t\t\t\t\t\t<div class=\"elementor-container elementor-column-gap-default\">\n\t\t\t\t\t<div class=\"elementor-column elementor-col-100 elementor-top-column elementor-element elementor-element-4c8d2f9\" data-id=\"4c8d2f9\" data-element_type=\"column\" data-e-type=\"column\">\n\t\t\t<div class=\"elementor-widget-wrap elementor-element-populated\">\n\t\t\t\t\t\t<div class=\"elementor-element elementor-element-063a621 elementor-widget elementor-widget-text-editor\" data-id=\"063a621\" data-element_type=\"widget\" data-e-type=\"widget\" data-widget_type=\"text-editor.default\">\n\t\t\t\t<div class=\"elementor-widget-container\">\n\t\t\t\t\t\t\t\t\t<div class=\"woocommerce-product-details__short-description\"><p>Azoknak, akik m\u00e1r r\u00e9szt vettek k\u00e9pz\u00e9s\u00fcnk\u00f6n, vagy m\u00e1s EMK-s tanfolyamon.<\/p><p>Elm\u00e9lyed\u00fcnk a \u201c4 l\u00e9p\u00e9st\u201d \u00e9s a m\u00f6g\u00f6tt\u00fck \u00e1ll\u00f3 szeml\u00e9letm\u00f3dot be\u00e9p\u00edt\u0151 j\u00e1t\u00e9kok eszk\u00f6zt\u00e1r\u00e1ban. Mindek\u00f6zben magunk is haladunk a tudatoss\u00e1g, \u00f6nismeret, kapcsolatteremt\u0151 k\u00e9szs\u00e9g \u00f6sv\u00e9ny\u00e9n. C\u00e9l, hogy a r\u00e9sztvev\u0151k maguk is Komp\u00e1tia \u2013 J\u00e1t\u00e9kvezet\u0151 k\u00e9pz\u00e9seket tarthassanak.<\/p><p>Intenz\u00edv alkalom, \u00e1ltal\u00e1ban k\u00e9t h\u00e9tv\u00e9ge.<\/p><p><em>Feln\u0151ttk\u00e9pz\u00e9si nyilv\u00e1ntart\u00e1si sz\u00e1m: B\/2020\/003241<\/em><\/p><\/div>\t\t\t\t\t\t\t\t<\/div>\n\t\t\t\t<\/div>\n\t\t\t\t<div class=\"elementor-element elementor-element-c4cd8ad elementor-widget elementor-widget-text-editor\" data-id=\"c4cd8ad\" data-element_type=\"widget\" data-e-type=\"widget\" data-widget_type=\"text-editor.default\">\n\t\t\t\t<div class=\"elementor-widget-container\">\n\t\t\t\t\t\t\t\t\t<p style=\"text-align: left;\"><strong>Ha kit\u00f6lt\u00f6d a jelentkez\u00e9si lapot, \u00e9rtes\u00edt\u00fcnk, amint megvan a k\u00f6vetkez\u0151 indul\u00f3 csoport id\u0151pontja \u00e9s helysz\u00edne.<\/strong><\/p>\t\t\t\t\t\t\t\t<\/div>\n\t\t\t\t<\/div>\n\t\t\t\t\t<\/div>\n\t\t<\/div>\n\t\t\t\t\t<\/div>\n\t\t<\/section>\n\t\t\t\t<section class=\"elementor-section elementor-top-section elementor-element elementor-element-e1d676f elementor-section-boxed elementor-section-height-default elementor-section-height-default\" data-id=\"e1d676f\" data-element_type=\"section\" data-e-type=\"section\" data-settings=\"{&quot;_ha_eqh_enable&quot;:false}\">\n\t\t\t\t\t\t<div class=\"elementor-container elementor-column-gap-default\">\n\t\t\t\t\t<div class=\"elementor-column elementor-col-100 elementor-top-column elementor-element elementor-element-c2723f7\" data-id=\"c2723f7\" data-element_type=\"column\" data-e-type=\"column\">\n\t\t\t<div class=\"elementor-widget-wrap elementor-element-populated\">\n\t\t\t\t\t\t<div class=\"elementor-element elementor-element-8e86be5 elementor-widget elementor-widget-heading\" data-id=\"8e86be5\" data-element_type=\"widget\" data-e-type=\"widget\" data-widget_type=\"heading.default\">\n\t\t\t\t<div class=\"elementor-widget-container\">\n\t\t\t\t\t<h2 class=\"elementor-heading-title elementor-size-default\">A 30 \u00f3r\u00e1s sorozat teljes \u00e1ra 86.000 Ft+\u00e1fa \u00e9s ha m\u00e1r tudod a pontos d\u00e1tumot \u00e9s helysz\u00ednt, 30.000 Ft utal\u00e1s\u00e1val most biztos\u00edthatod helyedet a csoportban<\/h2>\t\t\t\t<\/div>\n\t\t\t\t<\/div>\n\t\t\t\t<div class=\"elementor-element elementor-element-a2da213 elementor-widget elementor-widget-text-editor\" data-id=\"a2da213\" data-element_type=\"widget\" data-e-type=\"widget\" data-widget_type=\"text-editor.default\">\n\t\t\t\t<div class=\"elementor-widget-container\">\n\t\t\t\t\t\t\t\t\t<iframe src=\"https:\/\/docs.google.com\/forms\/d\/e\/1FAIpQLSdbwkaRhuIrpxnm_HebKoJB2ZfVHxUnYI46eZduq1fMzI3bmw\/viewform?embedded=true\" width=\"500\" height=\"750\" frameborder=\"1px\" marginwidth=\"0\" marginheight=\"0\" scrolling=\"yes\"><span data-mce-type=\"bookmark\" style=\"display: inline-block; width: 0px; overflow: hidden; line-height: 0;\" class=\"mce_SELRES_start\"><\/span><\/iframe>\t\t\t\t\t\t\t\t<\/div>\n\t\t\t\t<\/div>\n\t\t\t\t\t<\/div>\n\t\t<\/div>\n\t\t\t\t\t<\/div>\n\t\t<\/section>\n\t\t\t\t<\/div>","protected":false},"excerpt":{"rendered":"<p>Azoknak, akik m\u00e1r r\u00e9szt vettek k\u00e9pz\u00e9s\u00fcnk\u00f6n, vagy m\u00e1s EMK-s tanfolyamon. Elm\u00e9lyed\u00fcnk a \u201c4 l\u00e9p\u00e9st\u201d \u00e9s a m\u00f6g\u00f6tt\u00fck \u00e1ll\u00f3 szeml\u00e9letm\u00f3dot be\u00e9p\u00edt\u0151 j\u00e1t\u00e9kok eszk\u00f6zt\u00e1r\u00e1ban. Mindek\u00f6zben magunk is haladunk a tudatoss\u00e1g, \u00f6nismeret, kapcsolatteremt\u0151 k\u00e9szs\u00e9g \u00f6sv\u00e9ny\u00e9n. C\u00e9l, hogy a r\u00e9sztvev\u0151k maguk is Komp\u00e1tia \u2013 J\u00e1t\u00e9kvezet\u0151 k\u00e9pz\u00e9seket tarthassanak. Intenz\u00edv alkalom, \u00e1ltal\u00e1ban k\u00e9t h\u00e9tv\u00e9ge. Feln\u0151ttk\u00e9pz\u00e9si nyilv\u00e1ntart\u00e1si sz\u00e1m: B\/2020\/003241 Ha kit\u00f6lt\u00f6d a [&hellip;]<\/p>\n","protected":false},"author":1,"featured_media":0,"parent":0,"menu_order":0,"comment_status":"closed","ping_status":"closed","template":"","meta":{"site-sidebar-layout":"no-sidebar","site-content-layout":"page-builder","ast-site-content-layout":"default","site-content-style":"default","site-sidebar-style":"default","ast-global-header-display":"","ast-banner-title-visibility":"","ast-main-header-display":"","ast-hfb-above-header-display":"","ast-hfb-below-header-display":"","ast-hfb-mobile-header-display":"","site-post-title":"disabled","ast-breadcrumbs-content":"","ast-featured-img":"disabled","footer-sml-layout":"","ast-disable-related-posts":"","theme-transparent-header-meta":"","adv-header-id-meta":"","stick-header-meta":"","header-above-stick-meta":"","header-main-stick-meta":"","header-below-stick-meta":"","astra-migrate-meta-layouts":"default","ast-page-background-enabled":"default","ast-page-background-meta":{"desktop":{"background-color":"var(--ast-global-color-4)","background-image":"","background-repeat":"repeat","background-position":"center center","background-size":"auto","background-attachment":"scroll","background-type":"","background-media":"","overlay-type":"","overlay-color":"","overlay-opacity":"","overlay-gradient":""},"tablet":{"background-color":"","background-image":"","background-repeat":"repeat","background-position":"center center","background-size":"auto","background-attachment":"scroll","background-type":"","background-media":"","overlay-type":"","overlay-color":"","overlay-opacity":"","overlay-gradient":""},"mobile":{"background-color":"","background-image":"","background-repeat":"repeat","background-position":"center center","background-size":"auto","background-attachment":"scroll","background-type":"","background-media":"","overlay-type":"","overlay-color":"","overlay-opacity":"","overlay-gradient":""}},"ast-content-background-meta":{"desktop":{"background-color":"var(--ast-global-color-5)","background-image":"","background-repeat":"repeat","background-position":"center center","background-size":"auto","background-attachment":"scroll","background-type":"","background-media":"","overlay-type":"","overlay-color":"","overlay-opacity":"","overlay-gradient":""},"tablet":{"background-color":"var(--ast-global-color-5)","background-image":"","background-repeat":"repeat","background-position":"center center","background-size":"auto","background-attachment":"scroll","background-type":"","background-media":"","overlay-type":"","overlay-color":"","overlay-opacity":"","overlay-gradient":""},"mobile":{"background-color":"var(--ast-global-color-5)","background-image":"","background-repeat":"repeat","background-position":"center center","background-size":"auto","background-attachment":"scroll","background-type":"","background-media":"","overlay-type":"","overlay-color":"","overlay-opacity":"","overlay-gradient":""}},"footnotes":""},"class_list":["post-1146","page","type-page","status-publish","hentry"],"yoast_head":"<!-- This site is optimized with the Yoast SEO plugin v27.0 - https:\/\/yoast.com\/product\/yoast-seo-wordpress\/ -->\n<title>40 \u00f3r\u00e1s halad\u00f3 workshop - Komp\u00e1tia<\/title>\n<meta name=\"robots\" content=\"index, follow, max-snippet:-1, max-image-preview:large, max-video-preview:-1\" \/>\n<link rel=\"canonical\" href=\"https:\/\/kompatia.hu\/en\/40-oras-halado-workshop\/\" \/>\n<meta property=\"og:locale\" content=\"en_GB\" \/>\n<meta property=\"og:type\" content=\"article\" \/>\n<meta property=\"og:title\" content=\"40 \u00f3r\u00e1s halad\u00f3 workshop - Komp\u00e1tia\" \/>\n<meta property=\"og:description\" content=\"Azoknak, akik m\u00e1r r\u00e9szt vettek k\u00e9pz\u00e9s\u00fcnk\u00f6n, vagy m\u00e1s EMK-s tanfolyamon. Elm\u00e9lyed\u00fcnk a \u201c4 l\u00e9p\u00e9st\u201d \u00e9s a m\u00f6g\u00f6tt\u00fck \u00e1ll\u00f3 szeml\u00e9letm\u00f3dot be\u00e9p\u00edt\u0151 j\u00e1t\u00e9kok eszk\u00f6zt\u00e1r\u00e1ban. Mindek\u00f6zben magunk is haladunk a tudatoss\u00e1g, \u00f6nismeret, kapcsolatteremt\u0151 k\u00e9szs\u00e9g \u00f6sv\u00e9ny\u00e9n. C\u00e9l, hogy a r\u00e9sztvev\u0151k maguk is Komp\u00e1tia \u2013 J\u00e1t\u00e9kvezet\u0151 k\u00e9pz\u00e9seket tarthassanak. Intenz\u00edv alkalom, \u00e1ltal\u00e1ban k\u00e9t h\u00e9tv\u00e9ge. Feln\u0151ttk\u00e9pz\u00e9si nyilv\u00e1ntart\u00e1si sz\u00e1m: B\/2020\/003241 Ha kit\u00f6lt\u00f6d a [&hellip;]\" \/>\n<meta property=\"og:url\" content=\"https:\/\/kompatia.hu\/en\/40-oras-halado-workshop\/\" \/>\n<meta property=\"og:site_name\" content=\"Komp\u00e1tia\" \/>\n<meta property=\"article:publisher\" content=\"https:\/\/www.facebook.com\/kompatia\" \/>\n<meta property=\"article:modified_time\" content=\"2026-01-26T14:12:20+00:00\" \/>\n<meta property=\"og:image\" content=\"https:\/\/kompatia.hu\/wp-content\/uploads\/2022\/12\/csoport.jpg\" \/>\n\t<meta property=\"og:image:width\" content=\"1500\" \/>\n\t<meta property=\"og:image:height\" content=\"1000\" \/>\n\t<meta property=\"og:image:type\" content=\"image\/jpeg\" \/>\n<meta name=\"twitter:card\" content=\"summary_large_image\" \/>\n<meta name=\"twitter:label1\" content=\"Estimated reading time\" \/>\n\t<meta name=\"twitter:data1\" content=\"1 minute\" \/>\n<script type=\"application\/ld+json\" class=\"yoast-schema-graph\">{\"@context\":\"https:\/\/schema.org\",\"@graph\":[{\"@type\":\"WebPage\",\"@id\":\"https:\/\/kompatia.hu\/40-oras-halado-workshop\/\",\"url\":\"https:\/\/kompatia.hu\/40-oras-halado-workshop\/\",\"name\":\"40 \u00f3r\u00e1s halad\u00f3 workshop - Komp\u00e1tia\",\"isPartOf\":{\"@id\":\"https:\/\/kompatia.hu\/#website\"},\"primaryImageOfPage\":{\"@id\":\"https:\/\/kompatia.hu\/40-oras-halado-workshop\/#primaryimage\"},\"image\":{\"@id\":\"https:\/\/kompatia.hu\/40-oras-halado-workshop\/#primaryimage\"},\"thumbnailUrl\":\"https:\/\/kompatia.hu\/wp-content\/uploads\/2022\/12\/csoport-768x512.jpg\",\"datePublished\":\"2022-12-09T12:30:50+00:00\",\"dateModified\":\"2026-01-26T14:12:20+00:00\",\"breadcrumb\":{\"@id\":\"https:\/\/kompatia.hu\/40-oras-halado-workshop\/#breadcrumb\"},\"inLanguage\":\"en-GB\",\"potentialAction\":[{\"@type\":\"ReadAction\",\"target\":[\"https:\/\/kompatia.hu\/40-oras-halado-workshop\/\"]}]},{\"@type\":\"ImageObject\",\"inLanguage\":\"en-GB\",\"@id\":\"https:\/\/kompatia.hu\/40-oras-halado-workshop\/#primaryimage\",\"url\":\"https:\/\/kompatia.hu\/wp-content\/uploads\/2022\/12\/csoport-768x512.jpg\",\"contentUrl\":\"https:\/\/kompatia.hu\/wp-content\/uploads\/2022\/12\/csoport-768x512.jpg\"},{\"@type\":\"BreadcrumbList\",\"@id\":\"https:\/\/kompatia.hu\/40-oras-halado-workshop\/#breadcrumb\",\"itemListElement\":[{\"@type\":\"ListItem\",\"position\":1,\"name\":\"Kezd\u0151lap\",\"item\":\"https:\/\/kompatia.hu\/\"},{\"@type\":\"ListItem\",\"position\":2,\"name\":\"40 \u00f3r\u00e1s halad\u00f3 workshop\"}]},{\"@type\":\"WebSite\",\"@id\":\"https:\/\/kompatia.hu\/#website\",\"url\":\"https:\/\/kompatia.hu\/\",\"name\":\"kompatia.hu\",\"description\":\"\u00c9rzelmi intelligencia fejleszt\u00e9s \u00e9s k\u00f6z\u00f6ss\u00e9g\u00e9p\u00edt\u00e9s\",\"publisher\":{\"@id\":\"https:\/\/kompatia.hu\/#organization\"},\"potentialAction\":[{\"@type\":\"SearchAction\",\"target\":{\"@type\":\"EntryPoint\",\"urlTemplate\":\"https:\/\/kompatia.hu\/?s={search_term_string}\"},\"query-input\":{\"@type\":\"PropertyValueSpecification\",\"valueRequired\":true,\"valueName\":\"search_term_string\"}}],\"inLanguage\":\"en-GB\"},{\"@type\":\"Organization\",\"@id\":\"https:\/\/kompatia.hu\/#organization\",\"name\":\"kompatia.hu\",\"url\":\"https:\/\/kompatia.hu\/\",\"logo\":{\"@type\":\"ImageObject\",\"inLanguage\":\"en-GB\",\"@id\":\"https:\/\/kompatia.hu\/#\/schema\/logo\/image\/\",\"url\":\"https:\/\/kompatia.hu\/wp-content\/uploads\/2022\/11\/cropped-cropped-logo-1.png\",\"contentUrl\":\"https:\/\/kompatia.hu\/wp-content\/uploads\/2022\/11\/cropped-cropped-logo-1.png\",\"width\":840,\"height\":280,\"caption\":\"kompatia.hu\"},\"image\":{\"@id\":\"https:\/\/kompatia.hu\/#\/schema\/logo\/image\/\"},\"sameAs\":[\"https:\/\/www.facebook.com\/kompatia\"]}]}<\/script>\n<!-- \/ Yoast SEO plugin. -->","yoast_head_json":{"title":"40 \u00f3r\u00e1s halad\u00f3 workshop - Komp\u00e1tia","robots":{"index":"index","follow":"follow","max-snippet":"max-snippet:-1","max-image-preview":"max-image-preview:large","max-video-preview":"max-video-preview:-1"},"canonical":"https:\/\/kompatia.hu\/en\/40-oras-halado-workshop\/","og_locale":"en_GB","og_type":"article","og_title":"40 \u00f3r\u00e1s halad\u00f3 workshop - Komp\u00e1tia","og_description":"Azoknak, akik m\u00e1r r\u00e9szt vettek k\u00e9pz\u00e9s\u00fcnk\u00f6n, vagy m\u00e1s EMK-s tanfolyamon. Elm\u00e9lyed\u00fcnk a \u201c4 l\u00e9p\u00e9st\u201d \u00e9s a m\u00f6g\u00f6tt\u00fck \u00e1ll\u00f3 szeml\u00e9letm\u00f3dot be\u00e9p\u00edt\u0151 j\u00e1t\u00e9kok eszk\u00f6zt\u00e1r\u00e1ban. Mindek\u00f6zben magunk is haladunk a tudatoss\u00e1g, \u00f6nismeret, kapcsolatteremt\u0151 k\u00e9szs\u00e9g \u00f6sv\u00e9ny\u00e9n. C\u00e9l, hogy a r\u00e9sztvev\u0151k maguk is Komp\u00e1tia \u2013 J\u00e1t\u00e9kvezet\u0151 k\u00e9pz\u00e9seket tarthassanak. Intenz\u00edv alkalom, \u00e1ltal\u00e1ban k\u00e9t h\u00e9tv\u00e9ge. Feln\u0151ttk\u00e9pz\u00e9si nyilv\u00e1ntart\u00e1si sz\u00e1m: B\/2020\/003241 Ha kit\u00f6lt\u00f6d a [&hellip;]","og_url":"https:\/\/kompatia.hu\/en\/40-oras-halado-workshop\/","og_site_name":"Komp\u00e1tia","article_publisher":"https:\/\/www.facebook.com\/kompatia","article_modified_time":"2026-01-26T14:12:20+00:00","og_image":[{"width":1500,"height":1000,"url":"https:\/\/kompatia.hu\/wp-content\/uploads\/2022\/12\/csoport.jpg","type":"image\/jpeg"}],"twitter_card":"summary_large_image","twitter_misc":{"Estimated reading time":"1 minute"},"schema":{"@context":"https:\/\/schema.org","@graph":[{"@type":"WebPage","@id":"https:\/\/kompatia.hu\/40-oras-halado-workshop\/","url":"https:\/\/kompatia.hu\/40-oras-halado-workshop\/","name":"40 \u00f3r\u00e1s halad\u00f3 workshop - Komp\u00e1tia","isPartOf":{"@id":"https:\/\/kompatia.hu\/#website"},"primaryImageOfPage":{"@id":"https:\/\/kompatia.hu\/40-oras-halado-workshop\/#primaryimage"},"image":{"@id":"https:\/\/kompatia.hu\/40-oras-halado-workshop\/#primaryimage"},"thumbnailUrl":"https:\/\/kompatia.hu\/wp-content\/uploads\/2022\/12\/csoport-768x512.jpg","datePublished":"2022-12-09T12:30:50+00:00","dateModified":"2026-01-26T14:12:20+00:00","breadcrumb":{"@id":"https:\/\/kompatia.hu\/40-oras-halado-workshop\/#breadcrumb"},"inLanguage":"en-GB","potentialAction":[{"@type":"ReadAction","target":["https:\/\/kompatia.hu\/40-oras-halado-workshop\/"]}]},{"@type":"ImageObject","inLanguage":"en-GB","@id":"https:\/\/kompatia.hu\/40-oras-halado-workshop\/#primaryimage","url":"https:\/\/kompatia.hu\/wp-content\/uploads\/2022\/12\/csoport-768x512.jpg","contentUrl":"https:\/\/kompatia.hu\/wp-content\/uploads\/2022\/12\/csoport-768x512.jpg"},{"@type":"BreadcrumbList","@id":"https:\/\/kompatia.hu\/40-oras-halado-workshop\/#breadcrumb","itemListElement":[{"@type":"ListItem","position":1,"name":"Kezd\u0151lap","item":"https:\/\/kompatia.hu\/"},{"@type":"ListItem","position":2,"name":"40 \u00f3r\u00e1s halad\u00f3 workshop"}]},{"@type":"WebSite","@id":"https:\/\/kompatia.hu\/#website","url":"https:\/\/kompatia.hu\/","name":"kompatia.hu","description":"\u00c9rzelmi intelligencia fejleszt\u00e9s \u00e9s k\u00f6z\u00f6ss\u00e9g\u00e9p\u00edt\u00e9s","publisher":{"@id":"https:\/\/kompatia.hu\/#organization"},"potentialAction":[{"@type":"SearchAction","target":{"@type":"EntryPoint","urlTemplate":"https:\/\/kompatia.hu\/?s={search_term_string}"},"query-input":{"@type":"PropertyValueSpecification","valueRequired":true,"valueName":"search_term_string"}}],"inLanguage":"en-GB"},{"@type":"Organization","@id":"https:\/\/kompatia.hu\/#organization","name":"kompatia.hu","url":"https:\/\/kompatia.hu\/","logo":{"@type":"ImageObject","inLanguage":"en-GB","@id":"https:\/\/kompatia.hu\/#\/schema\/logo\/image\/","url":"https:\/\/kompatia.hu\/wp-content\/uploads\/2022\/11\/cropped-cropped-logo-1.png","contentUrl":"https:\/\/kompatia.hu\/wp-content\/uploads\/2022\/11\/cropped-cropped-logo-1.png","width":840,"height":280,"caption":"kompatia.hu"},"image":{"@id":"https:\/\/kompatia.hu\/#\/schema\/logo\/image\/"},"sameAs":["https:\/\/www.facebook.com\/kompatia"]}]}},"_links":{"self":[{"href":"https:\/\/kompatia.hu\/en\/wp-json\/wp\/v2\/pages\/1146","targetHints":{"allow":["GET"]}}],"collection":[{"href":"https:\/\/kompatia.hu\/en\/wp-json\/wp\/v2\/pages"}],"about":[{"href":"https:\/\/kompatia.hu\/en\/wp-json\/wp\/v2\/types\/page"}],"author":[{"embeddable":true,"href":"https:\/\/kompatia.hu\/en\/wp-json\/wp\/v2\/users\/1"}],"replies":[{"embeddable":true,"href":"https:\/\/kompatia.hu\/en\/wp-json\/wp\/v2\/comments?post=1146"}],"version-history":[{"count":31,"href":"https:\/\/kompatia.hu\/en\/wp-json\/wp\/v2\/pages\/1146\/revisions"}],"predecessor-version":[{"id":28605,"href":"https:\/\/kompatia.hu\/en\/wp-json\/wp\/v2\/pages\/1146\/revisions\/28605"}],"wp:attachment":[{"href":"https:\/\/kompatia.hu\/en\/wp-json\/wp\/v2\/media?parent=1146"}],"curies":[{"name":"wp","href":"https:\/\/api.w.org\/{rel}","templated":true}]}}