{"id":151,"date":"2022-11-21T09:41:27","date_gmt":"2022-11-21T09:41:27","guid":{"rendered":"https:\/\/kompatia.hu\/fiokom\/"},"modified":"2022-11-21T09:41:27","modified_gmt":"2022-11-21T09:41:27","slug":"fiokom","status":"publish","type":"page","link":"https:\/\/kompatia.hu\/en\/fiokom\/","title":{"rendered":"My account"},"content":{"rendered":"<div class=\"woocommerce\"><\/div>","protected":false},"excerpt":{"rendered":"","protected":false},"author":1,"featured_media":0,"parent":0,"menu_order":0,"comment_status":"closed","ping_status":"closed","template":"","meta":{"site-sidebar-layout":"default","site-content-layout":"","ast-site-content-layout":"default","site-content-style":"default","site-sidebar-style":"default","ast-global-header-display":"","ast-banner-title-visibility":"","ast-main-header-display":"","ast-hfb-above-header-display":"","ast-hfb-below-header-display":"","ast-hfb-mobile-header-display":"","site-post-title":"","ast-breadcrumbs-content":"","ast-featured-img":"","footer-sml-layout":"","ast-disable-related-posts":"","theme-transparent-header-meta":"","adv-header-id-meta":"","stick-header-meta":"","header-above-stick-meta":"","header-main-stick-meta":"","header-below-stick-meta":"","astra-migrate-meta-layouts":"default","ast-page-background-enabled":"default","ast-page-background-meta":{"desktop":{"background-color":"var(--ast-global-color-4)","background-image":"","background-repeat":"repeat","background-position":"center center","background-size":"auto","background-attachment":"scroll","background-type":"","background-media":"","overlay-type":"","overlay-color":"","overlay-opacity":"","overlay-gradient":""},"tablet":{"background-color":"","background-image":"","background-repeat":"repeat","background-position":"center center","background-size":"auto","background-attachment":"scroll","background-type":"","background-media":"","overlay-type":"","overlay-color":"","overlay-opacity":"","overlay-gradient":""},"mobile":{"background-color":"","background-image":"","background-repeat":"repeat","background-position":"center center","background-size":"auto","background-attachment":"scroll","background-type":"","background-media":"","overlay-type":"","overlay-color":"","overlay-opacity":"","overlay-gradient":""}},"ast-content-background-meta":{"desktop":{"background-color":"var(--ast-global-color-5)","background-image":"","background-repeat":"repeat","background-position":"center center","background-size":"auto","background-attachment":"scroll","background-type":"","background-media":"","overlay-type":"","overlay-color":"","overlay-opacity":"","overlay-gradient":""},"tablet":{"background-color":"var(--ast-global-color-5)","background-image":"","background-repeat":"repeat","background-position":"center center","background-size":"auto","background-attachment":"scroll","background-type":"","background-media":"","overlay-type":"","overlay-color":"","overlay-opacity":"","overlay-gradient":""},"mobile":{"background-color":"var(--ast-global-color-5)","background-image":"","background-repeat":"repeat","background-position":"center center","background-size":"auto","background-attachment":"scroll","background-type":"","background-media":"","overlay-type":"","overlay-color":"","overlay-opacity":"","overlay-gradient":""}},"footnotes":""},"class_list":["post-151","page","type-page","status-publish","hentry"],"yoast_head":"<!-- This site is optimized with the Yoast SEO plugin v27.0 - https:\/\/yoast.com\/product\/yoast-seo-wordpress\/ -->\n<title>Fi\u00f3kom - Komp\u00e1tia<\/title>\n<meta name=\"robots\" content=\"index, follow, max-snippet:-1, max-image-preview:large, max-video-preview:-1\" \/>\n<link rel=\"canonical\" href=\"https:\/\/kompatia.hu\/en\/fiokom\/\" \/>\n<meta property=\"og:locale\" content=\"en_GB\" \/>\n<meta property=\"og:type\" content=\"article\" \/>\n<meta property=\"og:title\" content=\"Fi\u00f3kom - Komp\u00e1tia\" \/>\n<meta property=\"og:url\" content=\"https:\/\/kompatia.hu\/en\/fiokom\/\" \/>\n<meta property=\"og:site_name\" content=\"Komp\u00e1tia\" \/>\n<meta property=\"article:publisher\" content=\"https:\/\/www.facebook.com\/kompatia\" \/>\n<meta name=\"twitter:card\" content=\"summary_large_image\" \/>\n<script type=\"application\/ld+json\" class=\"yoast-schema-graph\">{\"@context\":\"https:\/\/schema.org\",\"@graph\":[{\"@type\":\"WebPage\",\"@id\":\"https:\/\/kompatia.hu\/fiokom\/\",\"url\":\"https:\/\/kompatia.hu\/fiokom\/\",\"name\":\"Fi\u00f3kom - Komp\u00e1tia\",\"isPartOf\":{\"@id\":\"https:\/\/kompatia.hu\/#website\"},\"datePublished\":\"2022-11-21T09:41:27+00:00\",\"breadcrumb\":{\"@id\":\"https:\/\/kompatia.hu\/fiokom\/#breadcrumb\"},\"inLanguage\":\"en-GB\",\"potentialAction\":[{\"@type\":\"ReadAction\",\"target\":[\"https:\/\/kompatia.hu\/fiokom\/\"]}]},{\"@type\":\"BreadcrumbList\",\"@id\":\"https:\/\/kompatia.hu\/fiokom\/#breadcrumb\",\"itemListElement\":[{\"@type\":\"ListItem\",\"position\":1,\"name\":\"Kezd\u0151lap\",\"item\":\"https:\/\/kompatia.hu\/\"},{\"@type\":\"ListItem\",\"position\":2,\"name\":\"Fi\u00f3kom\"}]},{\"@type\":\"WebSite\",\"@id\":\"https:\/\/kompatia.hu\/#website\",\"url\":\"https:\/\/kompatia.hu\/\",\"name\":\"kompatia.hu\",\"description\":\"\u00c9rzelmi intelligencia fejleszt\u00e9s \u00e9s k\u00f6z\u00f6ss\u00e9g\u00e9p\u00edt\u00e9s\",\"publisher\":{\"@id\":\"https:\/\/kompatia.hu\/#organization\"},\"potentialAction\":[{\"@type\":\"SearchAction\",\"target\":{\"@type\":\"EntryPoint\",\"urlTemplate\":\"https:\/\/kompatia.hu\/?s={search_term_string}\"},\"query-input\":{\"@type\":\"PropertyValueSpecification\",\"valueRequired\":true,\"valueName\":\"search_term_string\"}}],\"inLanguage\":\"en-GB\"},{\"@type\":\"Organization\",\"@id\":\"https:\/\/kompatia.hu\/#organization\",\"name\":\"kompatia.hu\",\"url\":\"https:\/\/kompatia.hu\/\",\"logo\":{\"@type\":\"ImageObject\",\"inLanguage\":\"en-GB\",\"@id\":\"https:\/\/kompatia.hu\/#\/schema\/logo\/image\/\",\"url\":\"https:\/\/kompatia.hu\/wp-content\/uploads\/2022\/11\/cropped-cropped-logo-1.png\",\"contentUrl\":\"https:\/\/kompatia.hu\/wp-content\/uploads\/2022\/11\/cropped-cropped-logo-1.png\",\"width\":840,\"height\":280,\"caption\":\"kompatia.hu\"},\"image\":{\"@id\":\"https:\/\/kompatia.hu\/#\/schema\/logo\/image\/\"},\"sameAs\":[\"https:\/\/www.facebook.com\/kompatia\"]}]}<\/script>\n<!-- \/ Yoast SEO plugin. -->","yoast_head_json":{"title":"Fi\u00f3kom - Komp\u00e1tia","robots":{"index":"index","follow":"follow","max-snippet":"max-snippet:-1","max-image-preview":"max-image-preview:large","max-video-preview":"max-video-preview:-1"},"canonical":"https:\/\/kompatia.hu\/en\/fiokom\/","og_locale":"en_GB","og_type":"article","og_title":"Fi\u00f3kom - Komp\u00e1tia","og_url":"https:\/\/kompatia.hu\/en\/fiokom\/","og_site_name":"Komp\u00e1tia","article_publisher":"https:\/\/www.facebook.com\/kompatia","twitter_card":"summary_large_image","schema":{"@context":"https:\/\/schema.org","@graph":[{"@type":"WebPage","@id":"https:\/\/kompatia.hu\/fiokom\/","url":"https:\/\/kompatia.hu\/fiokom\/","name":"Fi\u00f3kom - Komp\u00e1tia","isPartOf":{"@id":"https:\/\/kompatia.hu\/#website"},"datePublished":"2022-11-21T09:41:27+00:00","breadcrumb":{"@id":"https:\/\/kompatia.hu\/fiokom\/#breadcrumb"},"inLanguage":"en-GB","potentialAction":[{"@type":"ReadAction","target":["https:\/\/kompatia.hu\/fiokom\/"]}]},{"@type":"BreadcrumbList","@id":"https:\/\/kompatia.hu\/fiokom\/#breadcrumb","itemListElement":[{"@type":"ListItem","position":1,"name":"Kezd\u0151lap","item":"https:\/\/kompatia.hu\/"},{"@type":"ListItem","position":2,"name":"Fi\u00f3kom"}]},{"@type":"WebSite","@id":"https:\/\/kompatia.hu\/#website","url":"https:\/\/kompatia.hu\/","name":"kompatia.hu","description":"\u00c9rzelmi intelligencia fejleszt\u00e9s \u00e9s k\u00f6z\u00f6ss\u00e9g\u00e9p\u00edt\u00e9s","publisher":{"@id":"https:\/\/kompatia.hu\/#organization"},"potentialAction":[{"@type":"SearchAction","target":{"@type":"EntryPoint","urlTemplate":"https:\/\/kompatia.hu\/?s={search_term_string}"},"query-input":{"@type":"PropertyValueSpecification","valueRequired":true,"valueName":"search_term_string"}}],"inLanguage":"en-GB"},{"@type":"Organization","@id":"https:\/\/kompatia.hu\/#organization","name":"kompatia.hu","url":"https:\/\/kompatia.hu\/","logo":{"@type":"ImageObject","inLanguage":"en-GB","@id":"https:\/\/kompatia.hu\/#\/schema\/logo\/image\/","url":"https:\/\/kompatia.hu\/wp-content\/uploads\/2022\/11\/cropped-cropped-logo-1.png","contentUrl":"https:\/\/kompatia.hu\/wp-content\/uploads\/2022\/11\/cropped-cropped-logo-1.png","width":840,"height":280,"caption":"kompatia.hu"},"image":{"@id":"https:\/\/kompatia.hu\/#\/schema\/logo\/image\/"},"sameAs":["https:\/\/www.facebook.com\/kompatia"]}]}},"_links":{"self":[{"href":"https:\/\/kompatia.hu\/en\/wp-json\/wp\/v2\/pages\/151","targetHints":{"allow":["GET"]}}],"collection":[{"href":"https:\/\/kompatia.hu\/en\/wp-json\/wp\/v2\/pages"}],"about":[{"href":"https:\/\/kompatia.hu\/en\/wp-json\/wp\/v2\/types\/page"}],"author":[{"embeddable":true,"href":"https:\/\/kompatia.hu\/en\/wp-json\/wp\/v2\/users\/1"}],"replies":[{"embeddable":true,"href":"https:\/\/kompatia.hu\/en\/wp-json\/wp\/v2\/comments?post=151"}],"version-history":[{"count":0,"href":"https:\/\/kompatia.hu\/en\/wp-json\/wp\/v2\/pages\/151\/revisions"}],"wp:attachment":[{"href":"https:\/\/kompatia.hu\/en\/wp-json\/wp\/v2\/media?parent=151"}],"curies":[{"name":"wp","href":"https:\/\/api.w.org\/{rel}","templated":true}]}}