{"id":594,"date":"2022-11-29T11:54:30","date_gmt":"2022-11-29T11:54:30","guid":{"rendered":"https:\/\/kompatia.hu\/?page_id=594"},"modified":"2022-12-06T09:04:51","modified_gmt":"2022-12-06T09:04:51","slug":"cikkek","status":"publish","type":"page","link":"https:\/\/kompatia.hu\/en\/tudastar\/cikkek\/","title":{"rendered":"Articles"},"content":{"rendered":"<div data-elementor-type=\"wp-page\" data-elementor-id=\"594\" class=\"elementor elementor-594\" data-elementor-settings=\"{&quot;ha_cmc_init_switcher&quot;:&quot;no&quot;}\" data-elementor-post-type=\"page\">\n\t\t\t\t\t\t<section class=\"elementor-section elementor-top-section elementor-element elementor-element-88ac1a0 elementor-section-boxed elementor-section-height-default elementor-section-height-default\" data-id=\"88ac1a0\" data-element_type=\"section\" data-e-type=\"section\" data-settings=\"{&quot;_ha_eqh_enable&quot;:false}\">\n\t\t\t\t\t\t<div class=\"elementor-container elementor-column-gap-default\">\n\t\t\t\t\t<div class=\"elementor-column elementor-col-100 elementor-top-column elementor-element elementor-element-6ebe7166\" data-id=\"6ebe7166\" data-element_type=\"column\" data-e-type=\"column\">\n\t\t\t<div class=\"elementor-widget-wrap elementor-element-populated\">\n\t\t\t\t\t\t<div class=\"elementor-element elementor-element-7c54caa6 elementor-widget elementor-widget-heading\" data-id=\"7c54caa6\" data-element_type=\"widget\" data-e-type=\"widget\" data-widget_type=\"heading.default\">\n\t\t\t\t<div class=\"elementor-widget-container\">\n\t\t\t\t\t<h2 class=\"elementor-heading-title elementor-size-default\">Articles<\/h2>\t\t\t\t<\/div>\n\t\t\t\t<\/div>\n\t\t\t\t\t<\/div>\n\t\t<\/div>\n\t\t\t\t\t<\/div>\n\t\t<\/section>\n\t\t\t\t<section class=\"elementor-section elementor-top-section elementor-element elementor-element-6028a4bf elementor-section-boxed elementor-section-height-default elementor-section-height-default\" data-id=\"6028a4bf\" data-element_type=\"section\" data-e-type=\"section\" data-settings=\"{&quot;background_background&quot;:&quot;classic&quot;,&quot;_ha_eqh_enable&quot;:false}\">\n\t\t\t\t\t\t<div class=\"elementor-container elementor-column-gap-default\">\n\t\t\t\t\t<div class=\"elementor-column elementor-col-50 elementor-top-column elementor-element elementor-element-13f2e04d\" data-id=\"13f2e04d\" data-element_type=\"column\" data-e-type=\"column\">\n\t\t\t<div class=\"elementor-widget-wrap elementor-element-populated\">\n\t\t\t\t\t\t<div class=\"elementor-element elementor-element-67b367ff elementor-cta--skin-cover elementor-animated-content elementor-bg-transform elementor-bg-transform-zoom-in elementor-widget elementor-widget-call-to-action\" data-id=\"67b367ff\" data-element_type=\"widget\" data-e-type=\"widget\" data-widget_type=\"call-to-action.default\">\n\t\t\t\t<div class=\"elementor-widget-container\">\n\t\t\t\t\t\t\t<div class=\"elementor-cta\">\n\t\t\t\t\t<div class=\"elementor-cta__bg-wrapper\">\n\t\t\t\t<div class=\"elementor-cta__bg elementor-bg\" style=\"background-image: url();\" role=\"img\" aria-label=\"\"><\/div>\n\t\t\t\t<div class=\"elementor-cta__bg-overlay\"><\/div>\n\t\t\t<\/div>\n\t\t\t\t\t\t\t<div class=\"elementor-cta__content\">\n\t\t\t\t\n\t\t\t\t\t\t\t\t\t<h2 class=\"elementor-cta__title elementor-cta__content-item elementor-content-item elementor-animated-item--grow\">\n\t\t\t\t\t\tKiss Vir\u00e1g tan\u00edt\u00f3val a Marie Claireben\t\t\t\t\t<\/h2>\n\t\t\t\t\n\t\t\t\t\n\t\t\t\t\t\t\t\t\t<div class=\"elementor-cta__button-wrapper elementor-cta__content-item elementor-content-item elementor-animated-item--grow\">\n\t\t\t\t\t<a class=\"elementor-cta__button elementor-button elementor-size-\" href=\"https:\/\/marieclaire.hu\/riporter\/2017\/07\/03\/a-munkam-a-szenvedelyem-versenges-helyett-egyuttmukodesre-tanit\/\">\n\t\t\t\t\t\tMore\t\t\t\t\t<\/a>\n\t\t\t\t\t<\/div>\n\t\t\t\t\t\t\t<\/div>\n\t\t\t\t\t\t<\/div>\n\t\t\t\t\t\t<\/div>\n\t\t\t\t<\/div>\n\t\t\t\t\t<\/div>\n\t\t<\/div>\n\t\t\t\t<div class=\"elementor-column elementor-col-50 elementor-top-column elementor-element elementor-element-806b9f4\" data-id=\"806b9f4\" data-element_type=\"column\" data-e-type=\"column\">\n\t\t\t<div class=\"elementor-widget-wrap elementor-element-populated\">\n\t\t\t\t\t\t<div class=\"elementor-element elementor-element-dc6952c elementor-cta--skin-cover elementor-animated-content elementor-bg-transform elementor-bg-transform-zoom-in elementor-widget elementor-widget-call-to-action\" data-id=\"dc6952c\" data-element_type=\"widget\" data-e-type=\"widget\" data-widget_type=\"call-to-action.default\">\n\t\t\t\t<div class=\"elementor-widget-container\">\n\t\t\t\t\t\t\t<div class=\"elementor-cta\">\n\t\t\t\t\t<div class=\"elementor-cta__bg-wrapper\">\n\t\t\t\t<div class=\"elementor-cta__bg elementor-bg\" style=\"background-image: url();\" role=\"img\" aria-label=\"\"><\/div>\n\t\t\t\t<div class=\"elementor-cta__bg-overlay\"><\/div>\n\t\t\t<\/div>\n\t\t\t\t\t\t\t<div class=\"elementor-cta__content\">\n\t\t\t\t\n\t\t\t\t\t\t\t\t\t<h2 class=\"elementor-cta__title elementor-cta__content-item elementor-content-item elementor-animated-item--grow\">\n\t\t\t\t\t\tPagonyban\t\t\t\t\t<\/h2>\n\t\t\t\t\n\t\t\t\t\n\t\t\t\t\t\t\t\t\t<div class=\"elementor-cta__button-wrapper elementor-cta__content-item elementor-content-item elementor-animated-item--grow\">\n\t\t\t\t\t<a class=\"elementor-cta__button elementor-button elementor-size-\" href=\"https:\/\/www.pagony.hu\/oszinten-az-erzelmeinkrol?fbclid=IwAR2RwK0IQWL5XHCGldsxJOgE68k0Z0EjN-NjiHAt9QdMZRe8cBXnOp4jsJM\">\n\t\t\t\t\t\tMore\t\t\t\t\t<\/a>\n\t\t\t\t\t<\/div>\n\t\t\t\t\t\t\t<\/div>\n\t\t\t\t\t\t<\/div>\n\t\t\t\t\t\t<\/div>\n\t\t\t\t<\/div>\n\t\t\t\t\t<\/div>\n\t\t<\/div>\n\t\t\t\t\t<\/div>\n\t\t<\/section>\n\t\t\t\t<\/div>","protected":false},"excerpt":{"rendered":"<p>Kiss Vir\u00e1g tan\u00edt\u00f3val a Marie Claireben Tov\u00e1bb Pagonyban Tov\u00e1bb<\/p>","protected":false},"author":1,"featured_media":0,"parent":164,"menu_order":0,"comment_status":"closed","ping_status":"closed","template":"","meta":{"site-sidebar-layout":"no-sidebar","site-content-layout":"page-builder","ast-site-content-layout":"default","site-content-style":"default","site-sidebar-style":"default","ast-global-header-display":"","ast-banner-title-visibility":"","ast-main-header-display":"","ast-hfb-above-header-display":"","ast-hfb-below-header-display":"","ast-hfb-mobile-header-display":"","site-post-title":"disabled","ast-breadcrumbs-content":"","ast-featured-img":"disabled","footer-sml-layout":"","ast-disable-related-posts":"","theme-transparent-header-meta":"","adv-header-id-meta":"","stick-header-meta":"","header-above-stick-meta":"","header-main-stick-meta":"","header-below-stick-meta":"","astra-migrate-meta-layouts":"default","ast-page-background-enabled":"default","ast-page-background-meta":{"desktop":{"background-color":"var(--ast-global-color-4)","background-image":"","background-repeat":"repeat","background-position":"center center","background-size":"auto","background-attachment":"scroll","background-type":"","background-media":"","overlay-type":"","overlay-color":"","overlay-opacity":"","overlay-gradient":""},"tablet":{"background-color":"","background-image":"","background-repeat":"repeat","background-position":"center center","background-size":"auto","background-attachment":"scroll","background-type":"","background-media":"","overlay-type":"","overlay-color":"","overlay-opacity":"","overlay-gradient":""},"mobile":{"background-color":"","background-image":"","background-repeat":"repeat","background-position":"center center","background-size":"auto","background-attachment":"scroll","background-type":"","background-media":"","overlay-type":"","overlay-color":"","overlay-opacity":"","overlay-gradient":""}},"ast-content-background-meta":{"desktop":{"background-color":"var(--ast-global-color-5)","background-image":"","background-repeat":"repeat","background-position":"center center","background-size":"auto","background-attachment":"scroll","background-type":"","background-media":"","overlay-type":"","overlay-color":"","overlay-opacity":"","overlay-gradient":""},"tablet":{"background-color":"var(--ast-global-color-5)","background-image":"","background-repeat":"repeat","background-position":"center center","background-size":"auto","background-attachment":"scroll","background-type":"","background-media":"","overlay-type":"","overlay-color":"","overlay-opacity":"","overlay-gradient":""},"mobile":{"background-color":"var(--ast-global-color-5)","background-image":"","background-repeat":"repeat","background-position":"center center","background-size":"auto","background-attachment":"scroll","background-type":"","background-media":"","overlay-type":"","overlay-color":"","overlay-opacity":"","overlay-gradient":""}},"footnotes":""},"class_list":["post-594","page","type-page","status-publish","hentry"],"yoast_head":"<!-- This site is optimized with the Yoast SEO plugin v27.4 - https:\/\/yoast.com\/product\/yoast-seo-wordpress\/ -->\n<title>Cikkek - Komp\u00e1tia<\/title>\n<meta name=\"robots\" content=\"index, follow, max-snippet:-1, max-image-preview:large, max-video-preview:-1\" \/>\n<link rel=\"canonical\" href=\"https:\/\/kompatia.hu\/en\/tudastar\/cikkek\/\" \/>\n<meta property=\"og:locale\" content=\"en_GB\" \/>\n<meta property=\"og:type\" content=\"article\" \/>\n<meta property=\"og:title\" content=\"Cikkek - Komp\u00e1tia\" \/>\n<meta property=\"og:description\" content=\"Kiss Vir\u00e1g tan\u00edt\u00f3val a Marie Claireben Tov\u00e1bb Pagonyban Tov\u00e1bb\" \/>\n<meta property=\"og:url\" content=\"https:\/\/kompatia.hu\/en\/tudastar\/cikkek\/\" \/>\n<meta property=\"og:site_name\" content=\"Komp\u00e1tia\" \/>\n<meta property=\"article:publisher\" content=\"https:\/\/www.facebook.com\/kompatia\" \/>\n<meta property=\"article:modified_time\" content=\"2022-12-06T09:04:51+00:00\" \/>\n<meta name=\"twitter:card\" content=\"summary_large_image\" \/>\n<script type=\"application\/ld+json\" class=\"yoast-schema-graph\">{\"@context\":\"https:\\\/\\\/schema.org\",\"@graph\":[{\"@type\":\"WebPage\",\"@id\":\"https:\\\/\\\/kompatia.hu\\\/tudastar\\\/cikkek\\\/\",\"url\":\"https:\\\/\\\/kompatia.hu\\\/tudastar\\\/cikkek\\\/\",\"name\":\"Cikkek - Komp\u00e1tia\",\"isPartOf\":{\"@id\":\"https:\\\/\\\/kompatia.hu\\\/#website\"},\"datePublished\":\"2022-11-29T11:54:30+00:00\",\"dateModified\":\"2022-12-06T09:04:51+00:00\",\"breadcrumb\":{\"@id\":\"https:\\\/\\\/kompatia.hu\\\/tudastar\\\/cikkek\\\/#breadcrumb\"},\"inLanguage\":\"en-GB\",\"potentialAction\":[{\"@type\":\"ReadAction\",\"target\":[\"https:\\\/\\\/kompatia.hu\\\/tudastar\\\/cikkek\\\/\"]}]},{\"@type\":\"BreadcrumbList\",\"@id\":\"https:\\\/\\\/kompatia.hu\\\/tudastar\\\/cikkek\\\/#breadcrumb\",\"itemListElement\":[{\"@type\":\"ListItem\",\"position\":1,\"name\":\"Kezd\u0151lap\",\"item\":\"https:\\\/\\\/kompatia.hu\\\/\"},{\"@type\":\"ListItem\",\"position\":2,\"name\":\"Tud\u00e1st\u00e1r\",\"item\":\"https:\\\/\\\/kompatia.hu\\\/tudastar\\\/\"},{\"@type\":\"ListItem\",\"position\":3,\"name\":\"Cikkek\"}]},{\"@type\":\"WebSite\",\"@id\":\"https:\\\/\\\/kompatia.hu\\\/#website\",\"url\":\"https:\\\/\\\/kompatia.hu\\\/\",\"name\":\"kompatia.hu\",\"description\":\"\u00c9rzelmi intelligencia fejleszt\u00e9s \u00e9s k\u00f6z\u00f6ss\u00e9g\u00e9p\u00edt\u00e9s\",\"publisher\":{\"@id\":\"https:\\\/\\\/kompatia.hu\\\/#organization\"},\"potentialAction\":[{\"@type\":\"SearchAction\",\"target\":{\"@type\":\"EntryPoint\",\"urlTemplate\":\"https:\\\/\\\/kompatia.hu\\\/?s={search_term_string}\"},\"query-input\":{\"@type\":\"PropertyValueSpecification\",\"valueRequired\":true,\"valueName\":\"search_term_string\"}}],\"inLanguage\":\"en-GB\"},{\"@type\":\"Organization\",\"@id\":\"https:\\\/\\\/kompatia.hu\\\/#organization\",\"name\":\"kompatia.hu\",\"url\":\"https:\\\/\\\/kompatia.hu\\\/\",\"logo\":{\"@type\":\"ImageObject\",\"inLanguage\":\"en-GB\",\"@id\":\"https:\\\/\\\/kompatia.hu\\\/#\\\/schema\\\/logo\\\/image\\\/\",\"url\":\"https:\\\/\\\/kompatia.hu\\\/wp-content\\\/uploads\\\/2022\\\/11\\\/cropped-cropped-logo-1.png\",\"contentUrl\":\"https:\\\/\\\/kompatia.hu\\\/wp-content\\\/uploads\\\/2022\\\/11\\\/cropped-cropped-logo-1.png\",\"width\":840,\"height\":280,\"caption\":\"kompatia.hu\"},\"image\":{\"@id\":\"https:\\\/\\\/kompatia.hu\\\/#\\\/schema\\\/logo\\\/image\\\/\"},\"sameAs\":[\"https:\\\/\\\/www.facebook.com\\\/kompatia\"]}]}<\/script>\n<!-- \/ Yoast SEO plugin. -->","yoast_head_json":{"title":"Cikkek - Komp\u00e1tia","robots":{"index":"index","follow":"follow","max-snippet":"max-snippet:-1","max-image-preview":"max-image-preview:large","max-video-preview":"max-video-preview:-1"},"canonical":"https:\/\/kompatia.hu\/en\/tudastar\/cikkek\/","og_locale":"en_GB","og_type":"article","og_title":"Cikkek - Komp\u00e1tia","og_description":"Kiss Vir\u00e1g tan\u00edt\u00f3val a Marie Claireben Tov\u00e1bb Pagonyban Tov\u00e1bb","og_url":"https:\/\/kompatia.hu\/en\/tudastar\/cikkek\/","og_site_name":"Komp\u00e1tia","article_publisher":"https:\/\/www.facebook.com\/kompatia","article_modified_time":"2022-12-06T09:04:51+00:00","twitter_card":"summary_large_image","schema":{"@context":"https:\/\/schema.org","@graph":[{"@type":"WebPage","@id":"https:\/\/kompatia.hu\/tudastar\/cikkek\/","url":"https:\/\/kompatia.hu\/tudastar\/cikkek\/","name":"Cikkek - Komp\u00e1tia","isPartOf":{"@id":"https:\/\/kompatia.hu\/#website"},"datePublished":"2022-11-29T11:54:30+00:00","dateModified":"2022-12-06T09:04:51+00:00","breadcrumb":{"@id":"https:\/\/kompatia.hu\/tudastar\/cikkek\/#breadcrumb"},"inLanguage":"en-GB","potentialAction":[{"@type":"ReadAction","target":["https:\/\/kompatia.hu\/tudastar\/cikkek\/"]}]},{"@type":"BreadcrumbList","@id":"https:\/\/kompatia.hu\/tudastar\/cikkek\/#breadcrumb","itemListElement":[{"@type":"ListItem","position":1,"name":"Kezd\u0151lap","item":"https:\/\/kompatia.hu\/"},{"@type":"ListItem","position":2,"name":"Tud\u00e1st\u00e1r","item":"https:\/\/kompatia.hu\/tudastar\/"},{"@type":"ListItem","position":3,"name":"Cikkek"}]},{"@type":"WebSite","@id":"https:\/\/kompatia.hu\/#website","url":"https:\/\/kompatia.hu\/","name":"kompatia.hu","description":"\u00c9rzelmi intelligencia fejleszt\u00e9s \u00e9s k\u00f6z\u00f6ss\u00e9g\u00e9p\u00edt\u00e9s","publisher":{"@id":"https:\/\/kompatia.hu\/#organization"},"potentialAction":[{"@type":"SearchAction","target":{"@type":"EntryPoint","urlTemplate":"https:\/\/kompatia.hu\/?s={search_term_string}"},"query-input":{"@type":"PropertyValueSpecification","valueRequired":true,"valueName":"search_term_string"}}],"inLanguage":"en-GB"},{"@type":"Organization","@id":"https:\/\/kompatia.hu\/#organization","name":"kompatia.hu","url":"https:\/\/kompatia.hu\/","logo":{"@type":"ImageObject","inLanguage":"en-GB","@id":"https:\/\/kompatia.hu\/#\/schema\/logo\/image\/","url":"https:\/\/kompatia.hu\/wp-content\/uploads\/2022\/11\/cropped-cropped-logo-1.png","contentUrl":"https:\/\/kompatia.hu\/wp-content\/uploads\/2022\/11\/cropped-cropped-logo-1.png","width":840,"height":280,"caption":"kompatia.hu"},"image":{"@id":"https:\/\/kompatia.hu\/#\/schema\/logo\/image\/"},"sameAs":["https:\/\/www.facebook.com\/kompatia"]}]}},"_links":{"self":[{"href":"https:\/\/kompatia.hu\/en\/wp-json\/wp\/v2\/pages\/594","targetHints":{"allow":["GET"]}}],"collection":[{"href":"https:\/\/kompatia.hu\/en\/wp-json\/wp\/v2\/pages"}],"about":[{"href":"https:\/\/kompatia.hu\/en\/wp-json\/wp\/v2\/types\/page"}],"author":[{"embeddable":true,"href":"https:\/\/kompatia.hu\/en\/wp-json\/wp\/v2\/users\/1"}],"replies":[{"embeddable":true,"href":"https:\/\/kompatia.hu\/en\/wp-json\/wp\/v2\/comments?post=594"}],"version-history":[{"count":10,"href":"https:\/\/kompatia.hu\/en\/wp-json\/wp\/v2\/pages\/594\/revisions"}],"predecessor-version":[{"id":1042,"href":"https:\/\/kompatia.hu\/en\/wp-json\/wp\/v2\/pages\/594\/revisions\/1042"}],"up":[{"embeddable":true,"href":"https:\/\/kompatia.hu\/en\/wp-json\/wp\/v2\/pages\/164"}],"wp:attachment":[{"href":"https:\/\/kompatia.hu\/en\/wp-json\/wp\/v2\/media?parent=594"}],"curies":[{"name":"wp","href":"https:\/\/api.w.org\/{rel}","templated":true}]}}