{"id":683,"date":"2022-12-01T12:03:24","date_gmt":"2022-12-01T12:03:24","guid":{"rendered":"https:\/\/kompatia.hu\/?page_id=683"},"modified":"2023-01-31T11:34:25","modified_gmt":"2023-01-31T10:34:25","slug":"bemutato-eloadas","status":"publish","type":"page","link":"https:\/\/kompatia.hu\/en\/bemutato-eloadas\/","title":{"rendered":"Introductory lecture"},"content":{"rendered":"\t\t<div data-elementor-type=\"wp-page\" data-elementor-id=\"683\" class=\"elementor elementor-683\" data-elementor-settings=\"{&quot;ha_cmc_init_switcher&quot;:&quot;no&quot;}\" data-elementor-post-type=\"page\">\n\t\t\t\t\t\t<section class=\"elementor-section elementor-top-section elementor-element elementor-element-77a426b4 elementor-section-boxed elementor-section-height-default elementor-section-height-default\" data-id=\"77a426b4\" data-element_type=\"section\" data-e-type=\"section\" data-settings=\"{&quot;_ha_eqh_enable&quot;:false}\">\n\t\t\t\t\t\t<div class=\"elementor-container elementor-column-gap-default\">\n\t\t\t\t\t<div class=\"elementor-column elementor-col-100 elementor-top-column elementor-element elementor-element-38f6d974\" data-id=\"38f6d974\" data-element_type=\"column\" data-e-type=\"column\">\n\t\t\t<div class=\"elementor-widget-wrap elementor-element-populated\">\n\t\t\t\t\t\t<div class=\"elementor-element elementor-element-203ab9c2 elementor-widget elementor-widget-heading\" data-id=\"203ab9c2\" data-element_type=\"widget\" data-e-type=\"widget\" data-widget_type=\"heading.default\">\n\t\t\t\t<div class=\"elementor-widget-container\">\n\t\t\t\t\t<h2 class=\"elementor-heading-title elementor-size-default\">Bemutat\u00f3 el\u0151ad\u00e1s<\/h2>\t\t\t\t<\/div>\n\t\t\t\t<\/div>\n\t\t\t\t\t<\/div>\n\t\t<\/div>\n\t\t\t\t\t<\/div>\n\t\t<\/section>\n\t\t\t\t<section class=\"elementor-section elementor-top-section elementor-element elementor-element-6bd220a elementor-section-boxed elementor-section-height-default elementor-section-height-default\" data-id=\"6bd220a\" data-element_type=\"section\" data-e-type=\"section\" data-settings=\"{&quot;_ha_eqh_enable&quot;:false}\">\n\t\t\t\t\t\t<div class=\"elementor-container elementor-column-gap-default\">\n\t\t\t\t\t<div class=\"elementor-column elementor-col-100 elementor-top-column elementor-element elementor-element-4c8d2f9\" data-id=\"4c8d2f9\" data-element_type=\"column\" data-e-type=\"column\">\n\t\t\t<div class=\"elementor-widget-wrap elementor-element-populated\">\n\t\t\t\t\t\t<div class=\"elementor-element elementor-element-063a621 elementor-widget elementor-widget-text-editor\" data-id=\"063a621\" data-element_type=\"widget\" data-e-type=\"widget\" data-widget_type=\"text-editor.default\">\n\t\t\t\t<div class=\"elementor-widget-container\">\n\t\t\t\t\t\t\t\t\t<p>MinBemum f\u00e9l\u00f3r\u00e1s, maximum 3 \u00f3r\u00e1s \u00edzel\u00edt\u0151, bemutatkoz\u00f3 a Komp\u00e1tia &#8211; \u00c9letkerek\u00edt\u0151 J\u00e1t\u00e9kok m\u00f3dszer\u00e9r\u0151l, az Egy\u00fcttm\u0171k\u00f6d\u0151 Kommunik\u00e1ci\u00f3 eszk\u00f6z\u00e9r\u0151l minimum 6 f\u0151nek.<\/p>\t\t\t\t\t\t\t\t<\/div>\n\t\t\t\t<\/div>\n\t\t\t\t<div class=\"elementor-element elementor-element-c4cd8ad elementor-widget elementor-widget-text-editor\" data-id=\"c4cd8ad\" data-element_type=\"widget\" data-e-type=\"widget\" data-widget_type=\"text-editor.default\">\n\t\t\t\t<div class=\"elementor-widget-container\">\n\t\t\t\t\t\t\t\t\t<p style=\"text-align: left;\">K\u00e9rj\u00fck t\u00f6ltsd ki az al\u00e1bbi \u0171rlapot, \u00e9s egyeztet\u00e9shez h\u00edvhatod Red\u0151 J\u00fali\u00e1t a +36704516415 sz\u00e1mon!<\/p>\t\t\t\t\t\t\t\t<\/div>\n\t\t\t\t<\/div>\n\t\t\t\t\t<\/div>\n\t\t<\/div>\n\t\t\t\t\t<\/div>\n\t\t<\/section>\n\t\t\t\t<section class=\"elementor-section elementor-top-section elementor-element elementor-element-becc886 elementor-section-boxed elementor-section-height-default elementor-section-height-default\" data-id=\"becc886\" data-element_type=\"section\" data-e-type=\"section\" data-settings=\"{&quot;_ha_eqh_enable&quot;:false}\">\n\t\t\t\t\t\t<div class=\"elementor-container elementor-column-gap-default\">\n\t\t\t\t\t<div class=\"elementor-column elementor-col-100 elementor-top-column elementor-element elementor-element-e7c5a41\" data-id=\"e7c5a41\" data-element_type=\"column\" data-e-type=\"column\">\n\t\t\t<div class=\"elementor-widget-wrap elementor-element-populated\">\n\t\t\t\t\t\t<div class=\"elementor-element elementor-element-7d2d2f2 elementor-button-align-center elementor-widget elementor-widget-form\" data-id=\"7d2d2f2\" data-element_type=\"widget\" data-e-type=\"widget\" data-settings=\"{&quot;step_next_label&quot;:&quot;Next&quot;,&quot;step_previous_label&quot;:&quot;Previous&quot;,&quot;button_width&quot;:&quot;100&quot;,&quot;step_type&quot;:&quot;number_text&quot;,&quot;step_icon_shape&quot;:&quot;circle&quot;}\" data-widget_type=\"form.default\">\n\t\t\t\t<div class=\"elementor-widget-container\">\n\t\t\t\t\t\t\t<form class=\"elementor-form\" method=\"post\" name=\"New Form\" aria-label=\"New Form\">\n\t\t\t<input type=\"hidden\" name=\"post_id\" value=\"683\"\/>\n\t\t\t<input type=\"hidden\" name=\"form_id\" value=\"7d2d2f2\"\/>\n\t\t\t<input type=\"hidden\" name=\"referer_title\" value=\"Bemutat\u00f3 el\u0151ad\u00e1s - Komp\u00e1tia\" \/>\n\n\t\t\t\t\t\t\t<input type=\"hidden\" name=\"queried_id\" value=\"683\"\/>\n\t\t\t\n\t\t\t<div class=\"elementor-form-fields-wrapper elementor-labels-above\">\n\t\t\t\t\t\t\t\t<div class=\"elementor-field-type-text elementor-field-group elementor-column elementor-field-group-name elementor-col-50 elementor-field-required\">\n\t\t\t\t\t\t\t\t\t\t\t\t\t<input size=\"1\" type=\"text\" name=\"form_fields[name]\" id=\"form-field-name\" class=\"elementor-field elementor-size-sm  elementor-field-textual\" placeholder=\"Vezet\u00e9kn\u00e9v\" required=\"required\">\n\t\t\t\t\t\t\t\t\t\t\t<\/div>\n\t\t\t\t\t\t\t\t<div class=\"elementor-field-type-text elementor-field-group elementor-column elementor-field-group-field_3e45a8c elementor-col-50 elementor-field-required\">\n\t\t\t\t\t\t\t\t\t\t\t\t\t<input size=\"1\" type=\"text\" name=\"form_fields[field_3e45a8c]\" id=\"form-field-field_3e45a8c\" class=\"elementor-field elementor-size-sm  elementor-field-textual\" placeholder=\"Keresztn\u00e9v\" required=\"required\">\n\t\t\t\t\t\t\t\t\t\t\t<\/div>\n\t\t\t\t\t\t\t\t<div class=\"elementor-field-type-text elementor-field-group elementor-column elementor-field-group-field_06f2caf elementor-col-100\">\n\t\t\t\t\t\t\t\t\t\t\t\t<label for=\"form-field-field_06f2caf\" class=\"elementor-field-label\">\n\t\t\t\t\t\t\t\tHa int\u00e9zm\u00e9ny sz\u00e1m\u00e1ra szeretn\u00e9l bemutat\u00f3t k\u00e9rni, akkor: \t\t\t\t\t\t\t<\/label>\n\t\t\t\t\t\t\t\t\t\t\t\t\t\t<input size=\"1\" type=\"text\" name=\"form_fields[field_06f2caf]\" id=\"form-field-field_06f2caf\" class=\"elementor-field elementor-size-sm  elementor-field-textual\" placeholder=\"Int\u00e9zm\u00e9ny neve\">\n\t\t\t\t\t\t\t\t\t\t\t<\/div>\n\t\t\t\t\t\t\t\t<div class=\"elementor-field-type-text elementor-field-group elementor-column elementor-field-group-field_3170e58 elementor-col-100\">\n\t\t\t\t\t\t\t\t\t\t\t\t\t<input size=\"1\" type=\"text\" name=\"form_fields[field_3170e58]\" id=\"form-field-field_3170e58\" class=\"elementor-field elementor-size-sm  elementor-field-textual\" placeholder=\"Int\u00e9zm\u00e9ny c\u00edme, ahol szeretn\u00e9tek az alkalmat rendezni:\">\n\t\t\t\t\t\t\t\t\t\t\t<\/div>\n\t\t\t\t\t\t\t\t<div class=\"elementor-field-type-tel elementor-field-group elementor-column elementor-field-group-field_dbb4ae8 elementor-col-50 elementor-field-required\">\n\t\t\t\t\t\t\t<input size=\"1\" type=\"tel\" name=\"form_fields[field_dbb4ae8]\" id=\"form-field-field_dbb4ae8\" class=\"elementor-field elementor-size-sm  elementor-field-textual\" placeholder=\"Telefonsz\u00e1m, amin veled kapcsolatba tudunk ker\u00fclni:\" required=\"required\" pattern=\"[0-9()#&amp;+*-=.]+\" title=\"Csak sz\u00e1mok \u00e9s telefonsz\u00e1mok (#, -, * stb.) fogadhat\u00f3k el.\">\n\n\t\t\t\t\t\t<\/div>\n\t\t\t\t\t\t\t\t<div class=\"elementor-field-type-email elementor-field-group elementor-column elementor-field-group-email elementor-col-50 elementor-field-required\">\n\t\t\t\t\t\t\t\t\t\t\t\t\t<input size=\"1\" type=\"email\" name=\"form_fields[email]\" id=\"form-field-email\" class=\"elementor-field elementor-size-sm  elementor-field-textual\" placeholder=\"Email\" required=\"required\">\n\t\t\t\t\t\t\t\t\t\t\t<\/div>\n\t\t\t\t\t\t\t\t<div class=\"elementor-field-type-text elementor-field-group elementor-column elementor-field-group-message elementor-col-100\">\n\t\t\t\t\t\t\t\t\t\t\t\t\t<input size=\"1\" type=\"text\" name=\"form_fields[message]\" id=\"form-field-message\" class=\"elementor-field elementor-size-sm  elementor-field-textual\" placeholder=\"H\u00e1ny f\u0151 v\u00e1rhat\u00f3 az el\u0151ad\u00e1sra - workshopra:\">\n\t\t\t\t\t\t\t\t\t\t\t<\/div>\n\t\t\t\t\t\t\t\t<div class=\"elementor-field-type-text elementor-field-group elementor-column elementor-field-group-field_a55f78c elementor-col-100\">\n\t\t\t\t\t\t\t\t\t\t\t\t\t<input size=\"1\" type=\"text\" name=\"form_fields[field_a55f78c]\" id=\"form-field-field_a55f78c\" class=\"elementor-field elementor-size-sm  elementor-field-textual\" placeholder=\"Milyen id\u0151pontok k\u00f6z\u00fcl v\u00e1laszthatunk:\">\n\t\t\t\t\t\t\t\t\t\t\t<\/div>\n\t\t\t\t\t\t\t\t<div class=\"elementor-field-type-text elementor-field-group elementor-column elementor-field-group-field_91a64b1 elementor-col-100\">\n\t\t\t\t\t\t\t\t\t\t\t\t\t<input size=\"1\" type=\"text\" name=\"form_fields[field_91a64b1]\" id=\"form-field-field_91a64b1\" class=\"elementor-field elementor-size-sm  elementor-field-textual\" placeholder=\"Honnan hallott\u00e1l r\u00f3lunk:\">\n\t\t\t\t\t\t\t\t\t\t\t<\/div>\n\t\t\t\t\t\t\t\t<div class=\"elementor-field-type-textarea elementor-field-group elementor-column elementor-field-group-field_7183710 elementor-col-100\">\n\t\t\t\t\t<textarea class=\"elementor-field-textual elementor-field  elementor-size-sm\" name=\"form_fields[field_7183710]\" id=\"form-field-field_7183710\" rows=\"4\" placeholder=\"Egy\u00e9b k\u00e9rd\u00e9s, k\u00e9r\u00e9s, \u00fczenet:\"><\/textarea>\t\t\t\t<\/div>\n\t\t\t\t\t\t\t\t<div class=\"elementor-field-type-acceptance elementor-field-group elementor-column elementor-field-group-field_aef9cad elementor-col-100\">\n\t\t\t\t\t\t\t<div class=\"elementor-field-subgroup\">\n\t\t\t<span class=\"elementor-field-option\">\n\t\t\t\t<input type=\"checkbox\" name=\"form_fields[field_aef9cad]\" id=\"form-field-field_aef9cad\" class=\"elementor-field elementor-size-sm  elementor-acceptance-field\">\n\t\t\t\t<label for=\"form-field-field_aef9cad\">Feliratkozom a h\u00edrlev\u00e9lre<\/label>\t\t\t<\/span>\n\t\t<\/div>\n\t\t\t\t\t\t<\/div>\n\t\t\t\t\t\t\t\t<div class=\"elementor-field-type-acceptance elementor-field-group elementor-column elementor-field-group-field_973c2aa elementor-col-100 elementor-field-required\">\n\t\t\t\t\t\t\t<div class=\"elementor-field-subgroup\">\n\t\t\t<span class=\"elementor-field-option\">\n\t\t\t\t<input type=\"checkbox\" name=\"form_fields[field_973c2aa]\" id=\"form-field-field_973c2aa\" class=\"elementor-field elementor-size-sm  elementor-acceptance-field\" required=\"required\">\n\t\t\t\t<label for=\"form-field-field_973c2aa\">Elolvastam \u00e9s elfogadom az  <a href=\"https:\/\/kompatia.hu\/adatkezelesi-tajekoztato\/\">Adatkezel\u00e9si t\u00e1j\u00e9koztat\u00f3ban<\/a> foglaltakat  <\/label>\t\t\t<\/span>\n\t\t<\/div>\n\t\t\t\t\t\t<\/div>\n\t\t\t\t\t\t\t\t<div class=\"elementor-field-group elementor-column elementor-field-type-submit elementor-col-100 e-form__buttons\">\n\t\t\t\t\t<button class=\"elementor-button elementor-size-sm\" type=\"submit\">\n\t\t\t\t\t\t<span class=\"elementor-button-content-wrapper\">\n\t\t\t\t\t\t\t\t\t\t\t\t\t\t\t\t\t\t\t\t\t\t<span class=\"elementor-button-text\">K\u00fcld\u00e9s<\/span>\n\t\t\t\t\t\t\t\t\t\t\t\t\t<\/span>\n\t\t\t\t\t<\/button>\n\t\t\t\t<\/div>\n\t\t\t<\/div>\n\t\t<\/form>\n\t\t\t\t\t\t<\/div>\n\t\t\t\t<\/div>\n\t\t\t\t\t<\/div>\n\t\t<\/div>\n\t\t\t\t\t<\/div>\n\t\t<\/section>\n\t\t\t\t<\/div>\n\t\t","protected":false},"excerpt":{"rendered":"<p>MinBemum f\u00e9l\u00f3r\u00e1s, maximum 3 \u00f3r\u00e1s \u00edzel\u00edt\u0151, bemutatkoz\u00f3 a Komp\u00e1tia &#8211; \u00c9letkerek\u00edt\u0151 J\u00e1t\u00e9kok m\u00f3dszer\u00e9r\u0151l, az Egy\u00fcttm\u0171k\u00f6d\u0151 Kommunik\u00e1ci\u00f3 eszk\u00f6z\u00e9r\u0151l minimum 6 f\u0151nek. K\u00e9rj\u00fck t\u00f6ltsd ki az al\u00e1bbi \u0171rlapot, \u00e9s egyeztet\u00e9shez h\u00edvhatod Red\u0151 J\u00fali\u00e1t a +36704516415 sz\u00e1mon!<\/p>","protected":false},"author":1,"featured_media":0,"parent":0,"menu_order":0,"comment_status":"closed","ping_status":"closed","template":"","meta":{"site-sidebar-layout":"no-sidebar","site-content-layout":"page-builder","ast-site-content-layout":"default","site-content-style":"default","site-sidebar-style":"default","ast-global-header-display":"","ast-banner-title-visibility":"","ast-main-header-display":"","ast-hfb-above-header-display":"","ast-hfb-below-header-display":"","ast-hfb-mobile-header-display":"","site-post-title":"disabled","ast-breadcrumbs-content":"","ast-featured-img":"disabled","footer-sml-layout":"","ast-disable-related-posts":"","theme-transparent-header-meta":"","adv-header-id-meta":"","stick-header-meta":"","header-above-stick-meta":"","header-main-stick-meta":"","header-below-stick-meta":"","astra-migrate-meta-layouts":"default","ast-page-background-enabled":"default","ast-page-background-meta":{"desktop":{"background-color":"var(--ast-global-color-4)","background-image":"","background-repeat":"repeat","background-position":"center center","background-size":"auto","background-attachment":"scroll","background-type":"","background-media":"","overlay-type":"","overlay-color":"","overlay-opacity":"","overlay-gradient":""},"tablet":{"background-color":"","background-image":"","background-repeat":"repeat","background-position":"center center","background-size":"auto","background-attachment":"scroll","background-type":"","background-media":"","overlay-type":"","overlay-color":"","overlay-opacity":"","overlay-gradient":""},"mobile":{"background-color":"","background-image":"","background-repeat":"repeat","background-position":"center center","background-size":"auto","background-attachment":"scroll","background-type":"","background-media":"","overlay-type":"","overlay-color":"","overlay-opacity":"","overlay-gradient":""}},"ast-content-background-meta":{"desktop":{"background-color":"var(--ast-global-color-5)","background-image":"","background-repeat":"repeat","background-position":"center center","background-size":"auto","background-attachment":"scroll","background-type":"","background-media":"","overlay-type":"","overlay-color":"","overlay-opacity":"","overlay-gradient":""},"tablet":{"background-color":"var(--ast-global-color-5)","background-image":"","background-repeat":"repeat","background-position":"center center","background-size":"auto","background-attachment":"scroll","background-type":"","background-media":"","overlay-type":"","overlay-color":"","overlay-opacity":"","overlay-gradient":""},"mobile":{"background-color":"var(--ast-global-color-5)","background-image":"","background-repeat":"repeat","background-position":"center center","background-size":"auto","background-attachment":"scroll","background-type":"","background-media":"","overlay-type":"","overlay-color":"","overlay-opacity":"","overlay-gradient":""}},"footnotes":""},"class_list":["post-683","page","type-page","status-publish","hentry"],"yoast_head":"<!-- This site is optimized with the Yoast SEO plugin v27.0 - https:\/\/yoast.com\/product\/yoast-seo-wordpress\/ -->\n<title>Bemutat\u00f3 el\u0151ad\u00e1s - Komp\u00e1tia<\/title>\n<meta name=\"robots\" content=\"index, follow, max-snippet:-1, max-image-preview:large, max-video-preview:-1\" \/>\n<link rel=\"canonical\" href=\"https:\/\/kompatia.hu\/en\/bemutato-eloadas\/\" \/>\n<meta property=\"og:locale\" content=\"en_GB\" \/>\n<meta property=\"og:type\" content=\"article\" \/>\n<meta property=\"og:title\" content=\"Bemutat\u00f3 el\u0151ad\u00e1s - Komp\u00e1tia\" \/>\n<meta property=\"og:description\" content=\"MinBemum f\u00e9l\u00f3r\u00e1s, maximum 3 \u00f3r\u00e1s \u00edzel\u00edt\u0151, bemutatkoz\u00f3 a Komp\u00e1tia &#8211; \u00c9letkerek\u00edt\u0151 J\u00e1t\u00e9kok m\u00f3dszer\u00e9r\u0151l, az Egy\u00fcttm\u0171k\u00f6d\u0151 Kommunik\u00e1ci\u00f3 eszk\u00f6z\u00e9r\u0151l minimum 6 f\u0151nek. K\u00e9rj\u00fck t\u00f6ltsd ki az al\u00e1bbi \u0171rlapot, \u00e9s egyeztet\u00e9shez h\u00edvhatod Red\u0151 J\u00fali\u00e1t a +36704516415 sz\u00e1mon!\" \/>\n<meta property=\"og:url\" content=\"https:\/\/kompatia.hu\/en\/bemutato-eloadas\/\" \/>\n<meta property=\"og:site_name\" content=\"Komp\u00e1tia\" \/>\n<meta property=\"article:publisher\" content=\"https:\/\/www.facebook.com\/kompatia\" \/>\n<meta property=\"article:modified_time\" content=\"2023-01-31T10:34:25+00:00\" \/>\n<meta name=\"twitter:card\" content=\"summary_large_image\" \/>\n<script type=\"application\/ld+json\" class=\"yoast-schema-graph\">{\"@context\":\"https:\/\/schema.org\",\"@graph\":[{\"@type\":\"WebPage\",\"@id\":\"https:\/\/kompatia.hu\/bemutato-eloadas\/\",\"url\":\"https:\/\/kompatia.hu\/bemutato-eloadas\/\",\"name\":\"Bemutat\u00f3 el\u0151ad\u00e1s - Komp\u00e1tia\",\"isPartOf\":{\"@id\":\"https:\/\/kompatia.hu\/#website\"},\"datePublished\":\"2022-12-01T12:03:24+00:00\",\"dateModified\":\"2023-01-31T10:34:25+00:00\",\"breadcrumb\":{\"@id\":\"https:\/\/kompatia.hu\/bemutato-eloadas\/#breadcrumb\"},\"inLanguage\":\"en-GB\",\"potentialAction\":[{\"@type\":\"ReadAction\",\"target\":[\"https:\/\/kompatia.hu\/bemutato-eloadas\/\"]}]},{\"@type\":\"BreadcrumbList\",\"@id\":\"https:\/\/kompatia.hu\/bemutato-eloadas\/#breadcrumb\",\"itemListElement\":[{\"@type\":\"ListItem\",\"position\":1,\"name\":\"Kezd\u0151lap\",\"item\":\"https:\/\/kompatia.hu\/\"},{\"@type\":\"ListItem\",\"position\":2,\"name\":\"Bemutat\u00f3 el\u0151ad\u00e1s\"}]},{\"@type\":\"WebSite\",\"@id\":\"https:\/\/kompatia.hu\/#website\",\"url\":\"https:\/\/kompatia.hu\/\",\"name\":\"kompatia.hu\",\"description\":\"\u00c9rzelmi intelligencia fejleszt\u00e9s \u00e9s k\u00f6z\u00f6ss\u00e9g\u00e9p\u00edt\u00e9s\",\"publisher\":{\"@id\":\"https:\/\/kompatia.hu\/#organization\"},\"potentialAction\":[{\"@type\":\"SearchAction\",\"target\":{\"@type\":\"EntryPoint\",\"urlTemplate\":\"https:\/\/kompatia.hu\/?s={search_term_string}\"},\"query-input\":{\"@type\":\"PropertyValueSpecification\",\"valueRequired\":true,\"valueName\":\"search_term_string\"}}],\"inLanguage\":\"en-GB\"},{\"@type\":\"Organization\",\"@id\":\"https:\/\/kompatia.hu\/#organization\",\"name\":\"kompatia.hu\",\"url\":\"https:\/\/kompatia.hu\/\",\"logo\":{\"@type\":\"ImageObject\",\"inLanguage\":\"en-GB\",\"@id\":\"https:\/\/kompatia.hu\/#\/schema\/logo\/image\/\",\"url\":\"https:\/\/kompatia.hu\/wp-content\/uploads\/2022\/11\/cropped-cropped-logo-1.png\",\"contentUrl\":\"https:\/\/kompatia.hu\/wp-content\/uploads\/2022\/11\/cropped-cropped-logo-1.png\",\"width\":840,\"height\":280,\"caption\":\"kompatia.hu\"},\"image\":{\"@id\":\"https:\/\/kompatia.hu\/#\/schema\/logo\/image\/\"},\"sameAs\":[\"https:\/\/www.facebook.com\/kompatia\"]}]}<\/script>\n<!-- \/ Yoast SEO plugin. -->","yoast_head_json":{"title":"Bemutat\u00f3 el\u0151ad\u00e1s - Komp\u00e1tia","robots":{"index":"index","follow":"follow","max-snippet":"max-snippet:-1","max-image-preview":"max-image-preview:large","max-video-preview":"max-video-preview:-1"},"canonical":"https:\/\/kompatia.hu\/en\/bemutato-eloadas\/","og_locale":"en_GB","og_type":"article","og_title":"Bemutat\u00f3 el\u0151ad\u00e1s - Komp\u00e1tia","og_description":"MinBemum f\u00e9l\u00f3r\u00e1s, maximum 3 \u00f3r\u00e1s \u00edzel\u00edt\u0151, bemutatkoz\u00f3 a Komp\u00e1tia &#8211; \u00c9letkerek\u00edt\u0151 J\u00e1t\u00e9kok m\u00f3dszer\u00e9r\u0151l, az Egy\u00fcttm\u0171k\u00f6d\u0151 Kommunik\u00e1ci\u00f3 eszk\u00f6z\u00e9r\u0151l minimum 6 f\u0151nek. K\u00e9rj\u00fck t\u00f6ltsd ki az al\u00e1bbi \u0171rlapot, \u00e9s egyeztet\u00e9shez h\u00edvhatod Red\u0151 J\u00fali\u00e1t a +36704516415 sz\u00e1mon!","og_url":"https:\/\/kompatia.hu\/en\/bemutato-eloadas\/","og_site_name":"Komp\u00e1tia","article_publisher":"https:\/\/www.facebook.com\/kompatia","article_modified_time":"2023-01-31T10:34:25+00:00","twitter_card":"summary_large_image","schema":{"@context":"https:\/\/schema.org","@graph":[{"@type":"WebPage","@id":"https:\/\/kompatia.hu\/bemutato-eloadas\/","url":"https:\/\/kompatia.hu\/bemutato-eloadas\/","name":"Bemutat\u00f3 el\u0151ad\u00e1s - Komp\u00e1tia","isPartOf":{"@id":"https:\/\/kompatia.hu\/#website"},"datePublished":"2022-12-01T12:03:24+00:00","dateModified":"2023-01-31T10:34:25+00:00","breadcrumb":{"@id":"https:\/\/kompatia.hu\/bemutato-eloadas\/#breadcrumb"},"inLanguage":"en-GB","potentialAction":[{"@type":"ReadAction","target":["https:\/\/kompatia.hu\/bemutato-eloadas\/"]}]},{"@type":"BreadcrumbList","@id":"https:\/\/kompatia.hu\/bemutato-eloadas\/#breadcrumb","itemListElement":[{"@type":"ListItem","position":1,"name":"Kezd\u0151lap","item":"https:\/\/kompatia.hu\/"},{"@type":"ListItem","position":2,"name":"Bemutat\u00f3 el\u0151ad\u00e1s"}]},{"@type":"WebSite","@id":"https:\/\/kompatia.hu\/#website","url":"https:\/\/kompatia.hu\/","name":"kompatia.hu","description":"\u00c9rzelmi intelligencia fejleszt\u00e9s \u00e9s k\u00f6z\u00f6ss\u00e9g\u00e9p\u00edt\u00e9s","publisher":{"@id":"https:\/\/kompatia.hu\/#organization"},"potentialAction":[{"@type":"SearchAction","target":{"@type":"EntryPoint","urlTemplate":"https:\/\/kompatia.hu\/?s={search_term_string}"},"query-input":{"@type":"PropertyValueSpecification","valueRequired":true,"valueName":"search_term_string"}}],"inLanguage":"en-GB"},{"@type":"Organization","@id":"https:\/\/kompatia.hu\/#organization","name":"kompatia.hu","url":"https:\/\/kompatia.hu\/","logo":{"@type":"ImageObject","inLanguage":"en-GB","@id":"https:\/\/kompatia.hu\/#\/schema\/logo\/image\/","url":"https:\/\/kompatia.hu\/wp-content\/uploads\/2022\/11\/cropped-cropped-logo-1.png","contentUrl":"https:\/\/kompatia.hu\/wp-content\/uploads\/2022\/11\/cropped-cropped-logo-1.png","width":840,"height":280,"caption":"kompatia.hu"},"image":{"@id":"https:\/\/kompatia.hu\/#\/schema\/logo\/image\/"},"sameAs":["https:\/\/www.facebook.com\/kompatia"]}]}},"_links":{"self":[{"href":"https:\/\/kompatia.hu\/en\/wp-json\/wp\/v2\/pages\/683","targetHints":{"allow":["GET"]}}],"collection":[{"href":"https:\/\/kompatia.hu\/en\/wp-json\/wp\/v2\/pages"}],"about":[{"href":"https:\/\/kompatia.hu\/en\/wp-json\/wp\/v2\/types\/page"}],"author":[{"embeddable":true,"href":"https:\/\/kompatia.hu\/en\/wp-json\/wp\/v2\/users\/1"}],"replies":[{"embeddable":true,"href":"https:\/\/kompatia.hu\/en\/wp-json\/wp\/v2\/comments?post=683"}],"version-history":[{"count":22,"href":"https:\/\/kompatia.hu\/en\/wp-json\/wp\/v2\/pages\/683\/revisions"}],"predecessor-version":[{"id":1602,"href":"https:\/\/kompatia.hu\/en\/wp-json\/wp\/v2\/pages\/683\/revisions\/1602"}],"wp:attachment":[{"href":"https:\/\/kompatia.hu\/en\/wp-json\/wp\/v2\/media?parent=683"}],"curies":[{"name":"wp","href":"https:\/\/api.w.org\/{rel}","templated":true}]}}