{"id":685,"date":"2022-12-01T12:03:40","date_gmt":"2022-12-01T12:03:40","guid":{"rendered":"https:\/\/kompatia.hu\/?page_id=685"},"modified":"2022-12-05T18:41:38","modified_gmt":"2022-12-05T18:41:38","slug":"egyeni-konzultacio","status":"publish","type":"page","link":"https:\/\/kompatia.hu\/en\/egyeni-konzultacio\/","title":{"rendered":"Individual consultation"},"content":{"rendered":"<div data-elementor-type=\"wp-page\" data-elementor-id=\"685\" class=\"elementor elementor-685\" data-elementor-settings=\"{&quot;ha_cmc_init_switcher&quot;:&quot;no&quot;}\" data-elementor-post-type=\"page\">\n\t\t\t\t\t\t<section class=\"elementor-section elementor-top-section elementor-element elementor-element-2b8dab8 elementor-section-boxed elementor-section-height-default elementor-section-height-default\" data-id=\"2b8dab8\" data-element_type=\"section\" data-e-type=\"section\" data-settings=\"{&quot;_ha_eqh_enable&quot;:false}\">\n\t\t\t\t\t\t<div class=\"elementor-container elementor-column-gap-default\">\n\t\t\t\t\t<div class=\"elementor-column elementor-col-100 elementor-top-column elementor-element elementor-element-61512629\" data-id=\"61512629\" data-element_type=\"column\" data-e-type=\"column\">\n\t\t\t<div class=\"elementor-widget-wrap elementor-element-populated\">\n\t\t\t\t\t\t<div class=\"elementor-element elementor-element-68bdf9de elementor-widget elementor-widget-heading\" data-id=\"68bdf9de\" data-element_type=\"widget\" data-e-type=\"widget\" data-widget_type=\"heading.default\">\n\t\t\t\t<div class=\"elementor-widget-container\">\n\t\t\t\t\t<h2 class=\"elementor-heading-title elementor-size-default\">Individual consultation<\/h2>\t\t\t\t<\/div>\n\t\t\t\t<\/div>\n\t\t\t\t<div class=\"elementor-element elementor-element-9f57741 elementor-widget elementor-widget-image\" data-id=\"9f57741\" data-element_type=\"widget\" data-e-type=\"widget\" data-widget_type=\"image.default\">\n\t\t\t\t<div class=\"elementor-widget-container\">\n\t\t\t\t\t\t\t\t\t\t\t\t\t\t\t<img fetchpriority=\"high\" decoding=\"async\" width=\"768\" height=\"1024\" src=\"https:\/\/kompatia.hu\/wp-content\/uploads\/2022\/12\/Molnar-Adrien-768x1024.jpg\" class=\"attachment-large size-large wp-image-919\" alt=\"\" srcset=\"https:\/\/kompatia.hu\/wp-content\/uploads\/2022\/12\/Molnar-Adrien-768x1024.jpg 768w, https:\/\/kompatia.hu\/wp-content\/uploads\/2022\/12\/Molnar-Adrien-225x300.jpg 225w, https:\/\/kompatia.hu\/wp-content\/uploads\/2022\/12\/Molnar-Adrien-1152x1536.jpg 1152w, https:\/\/kompatia.hu\/wp-content\/uploads\/2022\/12\/Molnar-Adrien-600x800.jpg 600w, https:\/\/kompatia.hu\/wp-content\/uploads\/2022\/12\/Molnar-Adrien.jpg 1512w\" sizes=\"(max-width: 768px) 100vw, 768px\" \/>\t\t\t\t\t\t\t\t\t\t\t\t\t\t\t<\/div>\n\t\t\t\t<\/div>\n\t\t\t\t\t<\/div>\n\t\t<\/div>\n\t\t\t\t\t<\/div>\n\t\t<\/section>\n\t\t\t\t<section class=\"elementor-section elementor-top-section elementor-element elementor-element-676e469 elementor-section-boxed elementor-section-height-default elementor-section-height-default\" data-id=\"676e469\" data-element_type=\"section\" data-e-type=\"section\" data-settings=\"{&quot;_ha_eqh_enable&quot;:false}\">\n\t\t\t\t\t\t<div class=\"elementor-container elementor-column-gap-default\">\n\t\t\t\t\t<div class=\"elementor-column elementor-col-100 elementor-top-column elementor-element elementor-element-5cb18dc\" data-id=\"5cb18dc\" data-element_type=\"column\" data-e-type=\"column\">\n\t\t\t<div class=\"elementor-widget-wrap elementor-element-populated\">\n\t\t\t\t\t\t<div class=\"elementor-element elementor-element-13a0e93 elementor-widget elementor-widget-text-editor\" data-id=\"13a0e93\" data-element_type=\"widget\" data-e-type=\"widget\" data-widget_type=\"text-editor.default\">\n\t\t\t\t<div class=\"elementor-widget-container\">\n\t\t\t\t\t\t\t\t\t<p>I was introduced to NVC three decades ago, but I have been learning and admiring the versatility of the method and its impact on my life ever since. The Kompatia card pack has become an indispensable tool, or rather my companion, in my work as a consultant, supervisor, teacher, and trainer in recent years.<\/p><p>I use the Kompatia cards in both individual and group work processes, and I can say with complete conviction that they provided a lot of insight for the participants, we were able to resolve conflicts with them, and we understood the functioning and motivation of the people involved in each situation.<\/p><p>I have been working as a supervisor for ten years, previously I was a teacher in a children&#039;s home and with my addiction counselor qualification I gained experience in the field of drug prevention.<\/p><p>I currently provide individual supervision to those struggling with some difficulty in their professional lives (e.g. burnout, workplace conflict, career change), and supportive conversations or coaching to those who come to me with other life management questions.\u00a0<\/p><p>I also like working with young people and adolescents, whether they contact me about career choices or their personal lives.\u00a0<\/p><p>Within a university setting, I teach career orientation courses and communication training for prospective teachers and teachers in adult education.<\/p><p>I offer individual consultations for the following topics: communication difficulties, professional issues, self-knowledge, upbringing, and life dilemmas. During the conversations, the Kompatia cards play an important role, facilitating deeper understanding and finding personal solutions.<\/p><p>If you are interested, call +36205453363!<\/p><p><br \/><br \/><\/p>\t\t\t\t\t\t\t\t<\/div>\n\t\t\t\t<\/div>\n\t\t\t\t\t<\/div>\n\t\t<\/div>\n\t\t\t\t\t<\/div>\n\t\t<\/section>\n\t\t\t\t<\/div>","protected":false},"excerpt":{"rendered":"<p>H\u00e1rom \u00e9vtizeddel ezel\u0151tt ismerkedtem meg az EMK-val, de az\u00f3ta is tanulom \u00e9s csod\u00e1lom a m\u00f3dszer sokoldal\u00fas\u00e1g\u00e1t, \u00e9letemre gyakorolt hat\u00e1s\u00e1t. A Komp\u00e1tia k\u00e1rtyacsomag az elm\u00falt \u00e9vekben tan\u00e1csad\u00f3i, szupervizori, pedag\u00f3gusi \u00e9s tr\u00e9neri munk\u00e1m elengedhetetlen eszk\u00f6z\u00e9v\u00e9, mondhatn\u00e1m T\u00e1rsamm\u00e1 v\u00e1lt. A Komp\u00e1tia k\u00e1rty\u00e1kat mind egy\u00e9ni, mind csoportos munkafolyamatokban haszn\u00e1lom, \u00e9s teljes meggy\u0151z\u0151d\u00e9ssel \u00e1ll\u00edthatom, hogy rengeteg felismer\u00e9st ny\u00fajtottak a r\u00e9sztvev\u0151k [&hellip;]<\/p>\n","protected":false},"author":1,"featured_media":0,"parent":0,"menu_order":0,"comment_status":"closed","ping_status":"closed","template":"","meta":{"site-sidebar-layout":"no-sidebar","site-content-layout":"page-builder","ast-site-content-layout":"default","site-content-style":"default","site-sidebar-style":"default","ast-global-header-display":"","ast-banner-title-visibility":"","ast-main-header-display":"","ast-hfb-above-header-display":"","ast-hfb-below-header-display":"","ast-hfb-mobile-header-display":"","site-post-title":"disabled","ast-breadcrumbs-content":"","ast-featured-img":"disabled","footer-sml-layout":"","ast-disable-related-posts":"","theme-transparent-header-meta":"","adv-header-id-meta":"","stick-header-meta":"","header-above-stick-meta":"","header-main-stick-meta":"","header-below-stick-meta":"","astra-migrate-meta-layouts":"default","ast-page-background-enabled":"default","ast-page-background-meta":{"desktop":{"background-color":"var(--ast-global-color-4)","background-image":"","background-repeat":"repeat","background-position":"center center","background-size":"auto","background-attachment":"scroll","background-type":"","background-media":"","overlay-type":"","overlay-color":"","overlay-opacity":"","overlay-gradient":""},"tablet":{"background-color":"","background-image":"","background-repeat":"repeat","background-position":"center center","background-size":"auto","background-attachment":"scroll","background-type":"","background-media":"","overlay-type":"","overlay-color":"","overlay-opacity":"","overlay-gradient":""},"mobile":{"background-color":"","background-image":"","background-repeat":"repeat","background-position":"center center","background-size":"auto","background-attachment":"scroll","background-type":"","background-media":"","overlay-type":"","overlay-color":"","overlay-opacity":"","overlay-gradient":""}},"ast-content-background-meta":{"desktop":{"background-color":"var(--ast-global-color-5)","background-image":"","background-repeat":"repeat","background-position":"center center","background-size":"auto","background-attachment":"scroll","background-type":"","background-media":"","overlay-type":"","overlay-color":"","overlay-opacity":"","overlay-gradient":""},"tablet":{"background-color":"var(--ast-global-color-5)","background-image":"","background-repeat":"repeat","background-position":"center center","background-size":"auto","background-attachment":"scroll","background-type":"","background-media":"","overlay-type":"","overlay-color":"","overlay-opacity":"","overlay-gradient":""},"mobile":{"background-color":"var(--ast-global-color-5)","background-image":"","background-repeat":"repeat","background-position":"center center","background-size":"auto","background-attachment":"scroll","background-type":"","background-media":"","overlay-type":"","overlay-color":"","overlay-opacity":"","overlay-gradient":""}},"footnotes":""},"class_list":["post-685","page","type-page","status-publish","hentry"],"yoast_head":"<!-- This site is optimized with the Yoast SEO plugin v27.0 - https:\/\/yoast.com\/product\/yoast-seo-wordpress\/ -->\n<title>Egy\u00e9ni konzult\u00e1ci\u00f3 - Komp\u00e1tia<\/title>\n<meta name=\"robots\" content=\"index, follow, max-snippet:-1, max-image-preview:large, max-video-preview:-1\" \/>\n<link rel=\"canonical\" href=\"https:\/\/kompatia.hu\/en\/egyeni-konzultacio\/\" \/>\n<meta property=\"og:locale\" content=\"en_GB\" \/>\n<meta property=\"og:type\" content=\"article\" \/>\n<meta property=\"og:title\" content=\"Egy\u00e9ni konzult\u00e1ci\u00f3 - Komp\u00e1tia\" \/>\n<meta property=\"og:description\" content=\"H\u00e1rom \u00e9vtizeddel ezel\u0151tt ismerkedtem meg az EMK-val, de az\u00f3ta is tanulom \u00e9s csod\u00e1lom a m\u00f3dszer sokoldal\u00fas\u00e1g\u00e1t, \u00e9letemre gyakorolt hat\u00e1s\u00e1t. A Komp\u00e1tia k\u00e1rtyacsomag az elm\u00falt \u00e9vekben tan\u00e1csad\u00f3i, szupervizori, pedag\u00f3gusi \u00e9s tr\u00e9neri munk\u00e1m elengedhetetlen eszk\u00f6z\u00e9v\u00e9, mondhatn\u00e1m T\u00e1rsamm\u00e1 v\u00e1lt. A Komp\u00e1tia k\u00e1rty\u00e1kat mind egy\u00e9ni, mind csoportos munkafolyamatokban haszn\u00e1lom, \u00e9s teljes meggy\u0151z\u0151d\u00e9ssel \u00e1ll\u00edthatom, hogy rengeteg felismer\u00e9st ny\u00fajtottak a r\u00e9sztvev\u0151k [&hellip;]\" \/>\n<meta property=\"og:url\" content=\"https:\/\/kompatia.hu\/en\/egyeni-konzultacio\/\" \/>\n<meta property=\"og:site_name\" content=\"Komp\u00e1tia\" \/>\n<meta property=\"article:publisher\" content=\"https:\/\/www.facebook.com\/kompatia\" \/>\n<meta property=\"article:modified_time\" content=\"2022-12-05T18:41:38+00:00\" \/>\n<meta property=\"og:image\" content=\"https:\/\/kompatia.hu\/wp-content\/uploads\/2022\/12\/Molnar-Adrien-768x1024.jpg\" \/>\n<meta name=\"twitter:card\" content=\"summary_large_image\" \/>\n<meta name=\"twitter:label1\" content=\"Estimated reading time\" \/>\n\t<meta name=\"twitter:data1\" content=\"2 minutes\" \/>\n<script type=\"application\/ld+json\" class=\"yoast-schema-graph\">{\"@context\":\"https:\/\/schema.org\",\"@graph\":[{\"@type\":\"WebPage\",\"@id\":\"https:\/\/kompatia.hu\/egyeni-konzultacio\/\",\"url\":\"https:\/\/kompatia.hu\/egyeni-konzultacio\/\",\"name\":\"Egy\u00e9ni konzult\u00e1ci\u00f3 - Komp\u00e1tia\",\"isPartOf\":{\"@id\":\"https:\/\/kompatia.hu\/#website\"},\"primaryImageOfPage\":{\"@id\":\"https:\/\/kompatia.hu\/egyeni-konzultacio\/#primaryimage\"},\"image\":{\"@id\":\"https:\/\/kompatia.hu\/egyeni-konzultacio\/#primaryimage\"},\"thumbnailUrl\":\"https:\/\/kompatia.hu\/wp-content\/uploads\/2022\/12\/Molnar-Adrien-768x1024.jpg\",\"datePublished\":\"2022-12-01T12:03:40+00:00\",\"dateModified\":\"2022-12-05T18:41:38+00:00\",\"breadcrumb\":{\"@id\":\"https:\/\/kompatia.hu\/egyeni-konzultacio\/#breadcrumb\"},\"inLanguage\":\"en-GB\",\"potentialAction\":[{\"@type\":\"ReadAction\",\"target\":[\"https:\/\/kompatia.hu\/egyeni-konzultacio\/\"]}]},{\"@type\":\"ImageObject\",\"inLanguage\":\"en-GB\",\"@id\":\"https:\/\/kompatia.hu\/egyeni-konzultacio\/#primaryimage\",\"url\":\"https:\/\/kompatia.hu\/wp-content\/uploads\/2022\/12\/Molnar-Adrien-768x1024.jpg\",\"contentUrl\":\"https:\/\/kompatia.hu\/wp-content\/uploads\/2022\/12\/Molnar-Adrien-768x1024.jpg\"},{\"@type\":\"BreadcrumbList\",\"@id\":\"https:\/\/kompatia.hu\/egyeni-konzultacio\/#breadcrumb\",\"itemListElement\":[{\"@type\":\"ListItem\",\"position\":1,\"name\":\"Kezd\u0151lap\",\"item\":\"https:\/\/kompatia.hu\/\"},{\"@type\":\"ListItem\",\"position\":2,\"name\":\"Egy\u00e9ni konzult\u00e1ci\u00f3\"}]},{\"@type\":\"WebSite\",\"@id\":\"https:\/\/kompatia.hu\/#website\",\"url\":\"https:\/\/kompatia.hu\/\",\"name\":\"kompatia.hu\",\"description\":\"\u00c9rzelmi intelligencia fejleszt\u00e9s \u00e9s k\u00f6z\u00f6ss\u00e9g\u00e9p\u00edt\u00e9s\",\"publisher\":{\"@id\":\"https:\/\/kompatia.hu\/#organization\"},\"potentialAction\":[{\"@type\":\"SearchAction\",\"target\":{\"@type\":\"EntryPoint\",\"urlTemplate\":\"https:\/\/kompatia.hu\/?s={search_term_string}\"},\"query-input\":{\"@type\":\"PropertyValueSpecification\",\"valueRequired\":true,\"valueName\":\"search_term_string\"}}],\"inLanguage\":\"en-GB\"},{\"@type\":\"Organization\",\"@id\":\"https:\/\/kompatia.hu\/#organization\",\"name\":\"kompatia.hu\",\"url\":\"https:\/\/kompatia.hu\/\",\"logo\":{\"@type\":\"ImageObject\",\"inLanguage\":\"en-GB\",\"@id\":\"https:\/\/kompatia.hu\/#\/schema\/logo\/image\/\",\"url\":\"https:\/\/kompatia.hu\/wp-content\/uploads\/2022\/11\/cropped-cropped-logo-1.png\",\"contentUrl\":\"https:\/\/kompatia.hu\/wp-content\/uploads\/2022\/11\/cropped-cropped-logo-1.png\",\"width\":840,\"height\":280,\"caption\":\"kompatia.hu\"},\"image\":{\"@id\":\"https:\/\/kompatia.hu\/#\/schema\/logo\/image\/\"},\"sameAs\":[\"https:\/\/www.facebook.com\/kompatia\"]}]}<\/script>\n<!-- \/ Yoast SEO plugin. -->","yoast_head_json":{"title":"Egy\u00e9ni konzult\u00e1ci\u00f3 - Komp\u00e1tia","robots":{"index":"index","follow":"follow","max-snippet":"max-snippet:-1","max-image-preview":"max-image-preview:large","max-video-preview":"max-video-preview:-1"},"canonical":"https:\/\/kompatia.hu\/en\/egyeni-konzultacio\/","og_locale":"en_GB","og_type":"article","og_title":"Egy\u00e9ni konzult\u00e1ci\u00f3 - Komp\u00e1tia","og_description":"H\u00e1rom \u00e9vtizeddel ezel\u0151tt ismerkedtem meg az EMK-val, de az\u00f3ta is tanulom \u00e9s csod\u00e1lom a m\u00f3dszer sokoldal\u00fas\u00e1g\u00e1t, \u00e9letemre gyakorolt hat\u00e1s\u00e1t. A Komp\u00e1tia k\u00e1rtyacsomag az elm\u00falt \u00e9vekben tan\u00e1csad\u00f3i, szupervizori, pedag\u00f3gusi \u00e9s tr\u00e9neri munk\u00e1m elengedhetetlen eszk\u00f6z\u00e9v\u00e9, mondhatn\u00e1m T\u00e1rsamm\u00e1 v\u00e1lt. A Komp\u00e1tia k\u00e1rty\u00e1kat mind egy\u00e9ni, mind csoportos munkafolyamatokban haszn\u00e1lom, \u00e9s teljes meggy\u0151z\u0151d\u00e9ssel \u00e1ll\u00edthatom, hogy rengeteg felismer\u00e9st ny\u00fajtottak a r\u00e9sztvev\u0151k [&hellip;]","og_url":"https:\/\/kompatia.hu\/en\/egyeni-konzultacio\/","og_site_name":"Komp\u00e1tia","article_publisher":"https:\/\/www.facebook.com\/kompatia","article_modified_time":"2022-12-05T18:41:38+00:00","og_image":[{"url":"https:\/\/kompatia.hu\/wp-content\/uploads\/2022\/12\/Molnar-Adrien-768x1024.jpg","type":"","width":"","height":""}],"twitter_card":"summary_large_image","twitter_misc":{"Estimated reading time":"2 minutes"},"schema":{"@context":"https:\/\/schema.org","@graph":[{"@type":"WebPage","@id":"https:\/\/kompatia.hu\/egyeni-konzultacio\/","url":"https:\/\/kompatia.hu\/egyeni-konzultacio\/","name":"Egy\u00e9ni konzult\u00e1ci\u00f3 - Komp\u00e1tia","isPartOf":{"@id":"https:\/\/kompatia.hu\/#website"},"primaryImageOfPage":{"@id":"https:\/\/kompatia.hu\/egyeni-konzultacio\/#primaryimage"},"image":{"@id":"https:\/\/kompatia.hu\/egyeni-konzultacio\/#primaryimage"},"thumbnailUrl":"https:\/\/kompatia.hu\/wp-content\/uploads\/2022\/12\/Molnar-Adrien-768x1024.jpg","datePublished":"2022-12-01T12:03:40+00:00","dateModified":"2022-12-05T18:41:38+00:00","breadcrumb":{"@id":"https:\/\/kompatia.hu\/egyeni-konzultacio\/#breadcrumb"},"inLanguage":"en-GB","potentialAction":[{"@type":"ReadAction","target":["https:\/\/kompatia.hu\/egyeni-konzultacio\/"]}]},{"@type":"ImageObject","inLanguage":"en-GB","@id":"https:\/\/kompatia.hu\/egyeni-konzultacio\/#primaryimage","url":"https:\/\/kompatia.hu\/wp-content\/uploads\/2022\/12\/Molnar-Adrien-768x1024.jpg","contentUrl":"https:\/\/kompatia.hu\/wp-content\/uploads\/2022\/12\/Molnar-Adrien-768x1024.jpg"},{"@type":"BreadcrumbList","@id":"https:\/\/kompatia.hu\/egyeni-konzultacio\/#breadcrumb","itemListElement":[{"@type":"ListItem","position":1,"name":"Kezd\u0151lap","item":"https:\/\/kompatia.hu\/"},{"@type":"ListItem","position":2,"name":"Egy\u00e9ni konzult\u00e1ci\u00f3"}]},{"@type":"WebSite","@id":"https:\/\/kompatia.hu\/#website","url":"https:\/\/kompatia.hu\/","name":"kompatia.hu","description":"\u00c9rzelmi intelligencia fejleszt\u00e9s \u00e9s k\u00f6z\u00f6ss\u00e9g\u00e9p\u00edt\u00e9s","publisher":{"@id":"https:\/\/kompatia.hu\/#organization"},"potentialAction":[{"@type":"SearchAction","target":{"@type":"EntryPoint","urlTemplate":"https:\/\/kompatia.hu\/?s={search_term_string}"},"query-input":{"@type":"PropertyValueSpecification","valueRequired":true,"valueName":"search_term_string"}}],"inLanguage":"en-GB"},{"@type":"Organization","@id":"https:\/\/kompatia.hu\/#organization","name":"kompatia.hu","url":"https:\/\/kompatia.hu\/","logo":{"@type":"ImageObject","inLanguage":"en-GB","@id":"https:\/\/kompatia.hu\/#\/schema\/logo\/image\/","url":"https:\/\/kompatia.hu\/wp-content\/uploads\/2022\/11\/cropped-cropped-logo-1.png","contentUrl":"https:\/\/kompatia.hu\/wp-content\/uploads\/2022\/11\/cropped-cropped-logo-1.png","width":840,"height":280,"caption":"kompatia.hu"},"image":{"@id":"https:\/\/kompatia.hu\/#\/schema\/logo\/image\/"},"sameAs":["https:\/\/www.facebook.com\/kompatia"]}]}},"_links":{"self":[{"href":"https:\/\/kompatia.hu\/en\/wp-json\/wp\/v2\/pages\/685","targetHints":{"allow":["GET"]}}],"collection":[{"href":"https:\/\/kompatia.hu\/en\/wp-json\/wp\/v2\/pages"}],"about":[{"href":"https:\/\/kompatia.hu\/en\/wp-json\/wp\/v2\/types\/page"}],"author":[{"embeddable":true,"href":"https:\/\/kompatia.hu\/en\/wp-json\/wp\/v2\/users\/1"}],"replies":[{"embeddable":true,"href":"https:\/\/kompatia.hu\/en\/wp-json\/wp\/v2\/comments?post=685"}],"version-history":[{"count":7,"href":"https:\/\/kompatia.hu\/en\/wp-json\/wp\/v2\/pages\/685\/revisions"}],"predecessor-version":[{"id":922,"href":"https:\/\/kompatia.hu\/en\/wp-json\/wp\/v2\/pages\/685\/revisions\/922"}],"wp:attachment":[{"href":"https:\/\/kompatia.hu\/en\/wp-json\/wp\/v2\/media?parent=685"}],"curies":[{"name":"wp","href":"https:\/\/api.w.org\/{rel}","templated":true}]}}