{"id":643,"date":"2022-12-01T10:46:50","date_gmt":"2022-12-01T10:46:50","guid":{"rendered":"https:\/\/kompatia.hu\/?post_type=product&#038;p=643"},"modified":"2025-12-11T14:00:22","modified_gmt":"2025-12-11T13:00:22","slug":"utikalauz-bevezeto-az-egyuttmukodo-eroszakmentes-kommunikacioba","status":"publish","type":"product","link":"https:\/\/kompatia.hu\/en\/product\/utikalauz-bevezeto-az-egyuttmukodo-eroszakmentes-kommunikacioba\/","title":{"rendered":"\u00datikalauz \u2013 Bevezet\u0151 az Egy\u00fcttm\u0171k\u00f6d\u0151 Er\u0151szakmentes Kommunik\u00e1ci\u00f3ba <span class=\"preorder-highlight\">\u00daj k\u00f6nt\u00f6sben, b\u0151v\u00edtett, jav\u00edtott kiad\u00e1sban \u00fajra megjelenik!<\/span>"},"content":{"rendered":"","protected":false},"excerpt":{"rendered":"<div style=\"clear: both; margin-bottom: 20px;\">\n<h1 style=\"color: #333; border-bottom: 2px solid #ccc; padding-bottom: 10px; margin-bottom: 20px; font-size: 1.8em;\">\ud83c\udf1f Szuper h\u00edr\u00fcnk van! \u00dajra megjelenik a nagy siker\u0171 k\u00f6nyv!<\/h1>\n<p style=\"font-size: 1.1em; line-height: 1.6; color: #444;\">Hamarosan ism\u00e9t el\u00e9rhet\u0151 a keresett k\u00f6nyv\u00fcnk: az <strong>\u00datikalauz \u2013 Bevezet\u0151 az Egy\u00fcttm\u0171k\u00f6d\u0151 Er\u0151szakmentes Kommunik\u00e1ci\u00f3ba!<\/strong><\/p>\n<p style=\"font-size: 1.1em; line-height: 1.6; color: #444;\">A kor\u00e1bbi kiad\u00e1s hi\u00e1nycikk lett, antikv\u00e1riumokban is kincsnek sz\u00e1m\u00edtott. Az \u00faj kiad\u00e1s \u00e1ra bar\u00e1ts\u00e1gosabb lesz, r\u00e1ad\u00e1sul <strong>el\u0151rendel\u00e9s idej\u00e9n m\u00e9g kedvezm\u00e9nyt is adunk!<\/strong><\/p>\n<h2 style=\"color: #41765b; margin-top: 30px; font-size: 1.5em;\">\ud83d\udcda Mir\u0151l sz\u00f3l a k\u00f6nyv?<\/h2>\n<ul style=\"list-style-type: disc; margin-left: 20px; line-height: 1.6; color: #333;\">\n<li>Rengeteg <strong>val\u00f3di p\u00e1rbesz\u00e9d illusztr\u00e1lja<\/strong>, hogyan m\u0171k\u00f6dik a h\u00e9tk\u00f6znapokban, \u00e9s mi t\u00f6rt\u00e9nik amikor az EMK-t elkezdj\u00fck haszn\u00e1lni.<\/li>\n<li>R\u00e1mutat, mi\u00e9rt nem mindig \u00fagy hat a \u201eseg\u00edt\u0151 sz\u00e1nd\u00e9kunk\u201d, ahogy szeretn\u00e9nk.<\/li>\n<li>Megmutatja, <strong>hogy reag\u00e1lhatunk hib\u00e1ztat\u00e1sra, verb\u00e1lis t\u00e1mad\u00e1sra<\/strong>.<\/li>\n<li>Seg\u00edt abban, hogy <strong>hogyan sz\u00f3l\u00edthatunk meg valakit, aki be van z\u00e1rk\u00f3zva<\/strong>.<\/li>\n<li>A szeml\u00e9let \u00e9s gondolkod\u00e1sm\u00f3d bemutat\u00e1sa mellett, <strong>gyakorlati, k\u00f6nnyen k\u00f6vethet\u0151<\/strong> p\u00e9ld\u00e1kkal ny\u00fajt seg\u00edts\u00e9get.<\/li>\n<\/ul>\n<\/div>","protected":false},"featured_media":28518,"comment_status":"open","ping_status":"closed","template":"","meta":{"site-sidebar-layout":"default","site-content-layout":"default","ast-site-content-layout":"default","site-content-style":"default","site-sidebar-style":"default","ast-global-header-display":"","ast-banner-title-visibility":"","ast-main-header-display":"","ast-hfb-above-header-display":"","ast-hfb-below-header-display":"","ast-hfb-mobile-header-display":"","site-post-title":"","ast-breadcrumbs-content":"","ast-featured-img":"","footer-sml-layout":"","ast-disable-related-posts":"","theme-transparent-header-meta":"default","adv-header-id-meta":"","stick-header-meta":"default","header-above-stick-meta":"","header-main-stick-meta":"","header-below-stick-meta":"","astra-migrate-meta-layouts":"set","ast-page-background-enabled":"default","ast-page-background-meta":{"desktop":{"background-color":"var(--ast-global-color-4)","background-image":"","background-repeat":"repeat","background-position":"center center","background-size":"auto","background-attachment":"scroll","background-type":"","background-media":"","overlay-type":"","overlay-color":"","overlay-opacity":"","overlay-gradient":""},"tablet":{"background-color":"","background-image":"","background-repeat":"repeat","background-position":"center center","background-size":"auto","background-attachment":"scroll","background-type":"","background-media":"","overlay-type":"","overlay-color":"","overlay-opacity":"","overlay-gradient":""},"mobile":{"background-color":"","background-image":"","background-repeat":"repeat","background-position":"center center","background-size":"auto","background-attachment":"scroll","background-type":"","background-media":"","overlay-type":"","overlay-color":"","overlay-opacity":"","overlay-gradient":""}},"ast-content-background-meta":{"desktop":{"background-color":"var(--ast-global-color-5)","background-image":"","background-repeat":"repeat","background-position":"center center","background-size":"auto","background-attachment":"scroll","background-type":"","background-media":"","overlay-type":"","overlay-color":"","overlay-opacity":"","overlay-gradient":""},"tablet":{"background-color":"var(--ast-global-color-5)","background-image":"","background-repeat":"repeat","background-position":"center center","background-size":"auto","background-attachment":"scroll","background-type":"","background-media":"","overlay-type":"","overlay-color":"","overlay-opacity":"","overlay-gradient":""},"mobile":{"background-color":"var(--ast-global-color-5)","background-image":"","background-repeat":"repeat","background-position":"center center","background-size":"auto","background-attachment":"scroll","background-type":"","background-media":"","overlay-type":"","overlay-color":"","overlay-opacity":"","overlay-gradient":""}}},"product_brand":[],"product_cat":[22,38],"product_tag":[],"class_list":{"0":"post-643","1":"product","2":"type-product","3":"status-publish","4":"has-post-thumbnail","6":"product_cat-kiadvanyok","7":"product_cat-tb","8":"desktop-align-left","9":"tablet-align-left","10":"mobile-align-left","12":"first","13":"instock","14":"sale","15":"taxable","16":"shipping-taxable","17":"purchasable","18":"product-type-simple"},"yoast_head":"<!-- This site is optimized with the Yoast SEO plugin v27.0 - https:\/\/yoast.com\/product\/yoast-seo-wordpress\/ -->\n<title>\u00datikalauz \u2013 Bevezet\u0151 az Egy\u00fcttm\u0171k\u00f6d\u0151 Er\u0151szakmentes Kommunik\u00e1ci\u00f3ba \u00daj k\u00f6nt\u00f6sben, b\u0151v\u00edtett, jav\u00edtott kiad\u00e1sban \u00fajra megjelenik! - Komp\u00e1tia<\/title>\n<meta name=\"robots\" content=\"index, follow, max-snippet:-1, max-image-preview:large, max-video-preview:-1\" \/>\n<link rel=\"canonical\" href=\"https:\/\/kompatia.hu\/en\/product\/utikalauz-bevezeto-az-egyuttmukodo-eroszakmentes-kommunikacioba\/\" \/>\n<meta property=\"og:locale\" content=\"en_GB\" \/>\n<meta property=\"og:type\" content=\"article\" \/>\n<meta property=\"og:title\" content=\"\u00datikalauz \u2013 Bevezet\u0151 az Egy\u00fcttm\u0171k\u00f6d\u0151 Er\u0151szakmentes Kommunik\u00e1ci\u00f3ba \u00daj k\u00f6nt\u00f6sben, b\u0151v\u00edtett, jav\u00edtott kiad\u00e1sban \u00fajra megjelenik! - Komp\u00e1tia\" \/>\n<meta property=\"og:description\" content=\"\ud83c\udf1f Szuper h\u00edr\u00fcnk van! \u00dajra megjelenik a nagy siker\u0171 k\u00f6nyv!    Hamarosan ism\u00e9t el\u00e9rhet\u0151 a keresett k\u00f6nyv\u00fcnk: az \u00datikalauz \u2013 Bevezet\u0151 az Egy\u00fcttm\u0171k\u00f6d\u0151 Er\u0151szakmentes Kommunik\u00e1ci\u00f3ba!   A kor\u00e1bbi kiad\u00e1s hi\u00e1nycikk lett, antikv\u00e1riumokban is kincsnek sz\u00e1m\u00edtott. Az \u00faj kiad\u00e1s \u00e1ra bar\u00e1ts\u00e1gosabb lesz, r\u00e1ad\u00e1sul el\u0151rendel\u00e9s idej\u00e9n m\u00e9g kedvezm\u00e9nyt is adunk!    \ud83d\udcda Mir\u0151l sz\u00f3l a k\u00f6nyv?        Rengeteg val\u00f3di p\u00e1rbesz\u00e9d illusztr\u00e1lja, hogyan m\u0171k\u00f6dik a h\u00e9tk\u00f6znapokban, \u00e9s mi t\u00f6rt\u00e9nik amikor az EMK-t elkezdj\u00fck haszn\u00e1lni.     R\u00e1mutat, mi\u00e9rt nem mindig \u00fagy hat a \u201eseg\u00edt\u0151 sz\u00e1nd\u00e9kunk\u201d, ahogy szeretn\u00e9nk.     Megmutatja, hogy reag\u00e1lhatunk hib\u00e1ztat\u00e1sra, verb\u00e1lis t\u00e1mad\u00e1sra.     Seg\u00edt abban, hogy hogyan sz\u00f3l\u00edthatunk meg valakit, aki be van z\u00e1rk\u00f3zva.     A szeml\u00e9let \u00e9s gondolkod\u00e1sm\u00f3d bemutat\u00e1sa mellett, gyakorlati, k\u00f6nnyen k\u00f6vethet\u0151 p\u00e9ld\u00e1kkal ny\u00fajt seg\u00edts\u00e9get.\" \/>\n<meta property=\"og:url\" content=\"https:\/\/kompatia.hu\/en\/product\/utikalauz-bevezeto-az-egyuttmukodo-eroszakmentes-kommunikacioba\/\" \/>\n<meta property=\"og:site_name\" content=\"Komp\u00e1tia\" \/>\n<meta property=\"article:publisher\" content=\"https:\/\/www.facebook.com\/kompatia\" \/>\n<meta property=\"article:modified_time\" content=\"2025-12-11T13:00:22+00:00\" \/>\n<meta property=\"og:image\" content=\"https:\/\/kompatia.hu\/wp-content\/uploads\/2025\/12\/Mar-elorendelheto.png\" \/>\n\t<meta property=\"og:image:width\" content=\"600\" \/>\n\t<meta property=\"og:image:height\" content=\"600\" \/>\n\t<meta property=\"og:image:type\" content=\"image\/png\" \/>\n<meta name=\"twitter:card\" content=\"summary_large_image\" \/>\n<meta name=\"twitter:label1\" content=\"Estimated reading time\" \/>\n\t<meta name=\"twitter:data1\" content=\"1 minute\" \/>\n<script type=\"application\/ld+json\" class=\"yoast-schema-graph\">{\"@context\":\"https:\/\/schema.org\",\"@graph\":[{\"@type\":\"WebPage\",\"@id\":\"https:\/\/kompatia.hu\/termek\/utikalauz-bevezeto-az-egyuttmukodo-eroszakmentes-kommunikacioba\/\",\"url\":\"https:\/\/kompatia.hu\/termek\/utikalauz-bevezeto-az-egyuttmukodo-eroszakmentes-kommunikacioba\/\",\"name\":\"\u00datikalauz \u2013 Bevezet\u0151 az Egy\u00fcttm\u0171k\u00f6d\u0151 Er\u0151szakmentes Kommunik\u00e1ci\u00f3ba \u00daj k\u00f6nt\u00f6sben, b\u0151v\u00edtett, jav\u00edtott kiad\u00e1sban \u00fajra megjelenik! - Komp\u00e1tia\",\"isPartOf\":{\"@id\":\"https:\/\/kompatia.hu\/#website\"},\"primaryImageOfPage\":{\"@id\":\"https:\/\/kompatia.hu\/termek\/utikalauz-bevezeto-az-egyuttmukodo-eroszakmentes-kommunikacioba\/#primaryimage\"},\"image\":{\"@id\":\"https:\/\/kompatia.hu\/termek\/utikalauz-bevezeto-az-egyuttmukodo-eroszakmentes-kommunikacioba\/#primaryimage\"},\"thumbnailUrl\":\"https:\/\/kompatia.hu\/wp-content\/uploads\/2025\/12\/Mar-elorendelheto.png\",\"datePublished\":\"2022-12-01T10:46:50+00:00\",\"dateModified\":\"2025-12-11T13:00:22+00:00\",\"breadcrumb\":{\"@id\":\"https:\/\/kompatia.hu\/termek\/utikalauz-bevezeto-az-egyuttmukodo-eroszakmentes-kommunikacioba\/#breadcrumb\"},\"inLanguage\":\"en-GB\",\"potentialAction\":[{\"@type\":\"ReadAction\",\"target\":[\"https:\/\/kompatia.hu\/termek\/utikalauz-bevezeto-az-egyuttmukodo-eroszakmentes-kommunikacioba\/\"]}]},{\"@type\":\"ImageObject\",\"inLanguage\":\"en-GB\",\"@id\":\"https:\/\/kompatia.hu\/termek\/utikalauz-bevezeto-az-egyuttmukodo-eroszakmentes-kommunikacioba\/#primaryimage\",\"url\":\"https:\/\/kompatia.hu\/wp-content\/uploads\/2025\/12\/Mar-elorendelheto.png\",\"contentUrl\":\"https:\/\/kompatia.hu\/wp-content\/uploads\/2025\/12\/Mar-elorendelheto.png\",\"width\":600,\"height\":600},{\"@type\":\"BreadcrumbList\",\"@id\":\"https:\/\/kompatia.hu\/termek\/utikalauz-bevezeto-az-egyuttmukodo-eroszakmentes-kommunikacioba\/#breadcrumb\",\"itemListElement\":[{\"@type\":\"ListItem\",\"position\":1,\"name\":\"Kezd\u0151lap\",\"item\":\"https:\/\/kompatia.hu\/\"},{\"@type\":\"ListItem\",\"position\":2,\"name\":\"\u00dczlet\",\"item\":\"https:\/\/kompatia.hu\/uzlet\/\"},{\"@type\":\"ListItem\",\"position\":3,\"name\":\"\u00datikalauz \u2013 Bevezet\u0151 az Egy\u00fcttm\u0171k\u00f6d\u0151 Er\u0151szakmentes Kommunik\u00e1ci\u00f3ba \u00daj k\u00f6nt\u00f6sben, b\u0151v\u00edtett, jav\u00edtott kiad\u00e1sban \u00fajra megjelenik!\"}]},{\"@type\":\"WebSite\",\"@id\":\"https:\/\/kompatia.hu\/#website\",\"url\":\"https:\/\/kompatia.hu\/\",\"name\":\"kompatia.hu\",\"description\":\"\u00c9rzelmi intelligencia fejleszt\u00e9s \u00e9s k\u00f6z\u00f6ss\u00e9g\u00e9p\u00edt\u00e9s\",\"publisher\":{\"@id\":\"https:\/\/kompatia.hu\/#organization\"},\"potentialAction\":[{\"@type\":\"SearchAction\",\"target\":{\"@type\":\"EntryPoint\",\"urlTemplate\":\"https:\/\/kompatia.hu\/?s={search_term_string}\"},\"query-input\":{\"@type\":\"PropertyValueSpecification\",\"valueRequired\":true,\"valueName\":\"search_term_string\"}}],\"inLanguage\":\"en-GB\"},{\"@type\":\"Organization\",\"@id\":\"https:\/\/kompatia.hu\/#organization\",\"name\":\"kompatia.hu\",\"url\":\"https:\/\/kompatia.hu\/\",\"logo\":{\"@type\":\"ImageObject\",\"inLanguage\":\"en-GB\",\"@id\":\"https:\/\/kompatia.hu\/#\/schema\/logo\/image\/\",\"url\":\"https:\/\/kompatia.hu\/wp-content\/uploads\/2022\/11\/cropped-cropped-logo-1.png\",\"contentUrl\":\"https:\/\/kompatia.hu\/wp-content\/uploads\/2022\/11\/cropped-cropped-logo-1.png\",\"width\":840,\"height\":280,\"caption\":\"kompatia.hu\"},\"image\":{\"@id\":\"https:\/\/kompatia.hu\/#\/schema\/logo\/image\/\"},\"sameAs\":[\"https:\/\/www.facebook.com\/kompatia\"]}]}<\/script>\n<!-- \/ Yoast SEO plugin. -->","yoast_head_json":{"title":"\u00datikalauz \u2013 Bevezet\u0151 az Egy\u00fcttm\u0171k\u00f6d\u0151 Er\u0151szakmentes Kommunik\u00e1ci\u00f3ba \u00daj k\u00f6nt\u00f6sben, b\u0151v\u00edtett, jav\u00edtott kiad\u00e1sban \u00fajra megjelenik! - Komp\u00e1tia","robots":{"index":"index","follow":"follow","max-snippet":"max-snippet:-1","max-image-preview":"max-image-preview:large","max-video-preview":"max-video-preview:-1"},"canonical":"https:\/\/kompatia.hu\/en\/product\/utikalauz-bevezeto-az-egyuttmukodo-eroszakmentes-kommunikacioba\/","og_locale":"en_GB","og_type":"article","og_title":"\u00datikalauz \u2013 Bevezet\u0151 az Egy\u00fcttm\u0171k\u00f6d\u0151 Er\u0151szakmentes Kommunik\u00e1ci\u00f3ba \u00daj k\u00f6nt\u00f6sben, b\u0151v\u00edtett, jav\u00edtott kiad\u00e1sban \u00fajra megjelenik! - Komp\u00e1tia","og_description":"\ud83c\udf1f Szuper h\u00edr\u00fcnk van! \u00dajra megjelenik a nagy siker\u0171 k\u00f6nyv!    Hamarosan ism\u00e9t el\u00e9rhet\u0151 a keresett k\u00f6nyv\u00fcnk: az \u00datikalauz \u2013 Bevezet\u0151 az Egy\u00fcttm\u0171k\u00f6d\u0151 Er\u0151szakmentes Kommunik\u00e1ci\u00f3ba!   A kor\u00e1bbi kiad\u00e1s hi\u00e1nycikk lett, antikv\u00e1riumokban is kincsnek sz\u00e1m\u00edtott. Az \u00faj kiad\u00e1s \u00e1ra bar\u00e1ts\u00e1gosabb lesz, r\u00e1ad\u00e1sul el\u0151rendel\u00e9s idej\u00e9n m\u00e9g kedvezm\u00e9nyt is adunk!    \ud83d\udcda Mir\u0151l sz\u00f3l a k\u00f6nyv?        Rengeteg val\u00f3di p\u00e1rbesz\u00e9d illusztr\u00e1lja, hogyan m\u0171k\u00f6dik a h\u00e9tk\u00f6znapokban, \u00e9s mi t\u00f6rt\u00e9nik amikor az EMK-t elkezdj\u00fck haszn\u00e1lni.     R\u00e1mutat, mi\u00e9rt nem mindig \u00fagy hat a \u201eseg\u00edt\u0151 sz\u00e1nd\u00e9kunk\u201d, ahogy szeretn\u00e9nk.     Megmutatja, hogy reag\u00e1lhatunk hib\u00e1ztat\u00e1sra, verb\u00e1lis t\u00e1mad\u00e1sra.     Seg\u00edt abban, hogy hogyan sz\u00f3l\u00edthatunk meg valakit, aki be van z\u00e1rk\u00f3zva.     A szeml\u00e9let \u00e9s gondolkod\u00e1sm\u00f3d bemutat\u00e1sa mellett, gyakorlati, k\u00f6nnyen k\u00f6vethet\u0151 p\u00e9ld\u00e1kkal ny\u00fajt seg\u00edts\u00e9get.","og_url":"https:\/\/kompatia.hu\/en\/product\/utikalauz-bevezeto-az-egyuttmukodo-eroszakmentes-kommunikacioba\/","og_site_name":"Komp\u00e1tia","article_publisher":"https:\/\/www.facebook.com\/kompatia","article_modified_time":"2025-12-11T13:00:22+00:00","og_image":[{"width":600,"height":600,"url":"https:\/\/kompatia.hu\/wp-content\/uploads\/2025\/12\/Mar-elorendelheto.png","type":"image\/png"}],"twitter_card":"summary_large_image","twitter_misc":{"Estimated reading time":"1 minute"},"schema":{"@context":"https:\/\/schema.org","@graph":[{"@type":"WebPage","@id":"https:\/\/kompatia.hu\/termek\/utikalauz-bevezeto-az-egyuttmukodo-eroszakmentes-kommunikacioba\/","url":"https:\/\/kompatia.hu\/termek\/utikalauz-bevezeto-az-egyuttmukodo-eroszakmentes-kommunikacioba\/","name":"\u00datikalauz \u2013 Bevezet\u0151 az Egy\u00fcttm\u0171k\u00f6d\u0151 Er\u0151szakmentes Kommunik\u00e1ci\u00f3ba \u00daj k\u00f6nt\u00f6sben, b\u0151v\u00edtett, jav\u00edtott kiad\u00e1sban \u00fajra megjelenik! - Komp\u00e1tia","isPartOf":{"@id":"https:\/\/kompatia.hu\/#website"},"primaryImageOfPage":{"@id":"https:\/\/kompatia.hu\/termek\/utikalauz-bevezeto-az-egyuttmukodo-eroszakmentes-kommunikacioba\/#primaryimage"},"image":{"@id":"https:\/\/kompatia.hu\/termek\/utikalauz-bevezeto-az-egyuttmukodo-eroszakmentes-kommunikacioba\/#primaryimage"},"thumbnailUrl":"https:\/\/kompatia.hu\/wp-content\/uploads\/2025\/12\/Mar-elorendelheto.png","datePublished":"2022-12-01T10:46:50+00:00","dateModified":"2025-12-11T13:00:22+00:00","breadcrumb":{"@id":"https:\/\/kompatia.hu\/termek\/utikalauz-bevezeto-az-egyuttmukodo-eroszakmentes-kommunikacioba\/#breadcrumb"},"inLanguage":"en-GB","potentialAction":[{"@type":"ReadAction","target":["https:\/\/kompatia.hu\/termek\/utikalauz-bevezeto-az-egyuttmukodo-eroszakmentes-kommunikacioba\/"]}]},{"@type":"ImageObject","inLanguage":"en-GB","@id":"https:\/\/kompatia.hu\/termek\/utikalauz-bevezeto-az-egyuttmukodo-eroszakmentes-kommunikacioba\/#primaryimage","url":"https:\/\/kompatia.hu\/wp-content\/uploads\/2025\/12\/Mar-elorendelheto.png","contentUrl":"https:\/\/kompatia.hu\/wp-content\/uploads\/2025\/12\/Mar-elorendelheto.png","width":600,"height":600},{"@type":"BreadcrumbList","@id":"https:\/\/kompatia.hu\/termek\/utikalauz-bevezeto-az-egyuttmukodo-eroszakmentes-kommunikacioba\/#breadcrumb","itemListElement":[{"@type":"ListItem","position":1,"name":"Kezd\u0151lap","item":"https:\/\/kompatia.hu\/"},{"@type":"ListItem","position":2,"name":"\u00dczlet","item":"https:\/\/kompatia.hu\/uzlet\/"},{"@type":"ListItem","position":3,"name":"\u00datikalauz \u2013 Bevezet\u0151 az Egy\u00fcttm\u0171k\u00f6d\u0151 Er\u0151szakmentes Kommunik\u00e1ci\u00f3ba \u00daj k\u00f6nt\u00f6sben, b\u0151v\u00edtett, jav\u00edtott kiad\u00e1sban \u00fajra megjelenik!"}]},{"@type":"WebSite","@id":"https:\/\/kompatia.hu\/#website","url":"https:\/\/kompatia.hu\/","name":"kompatia.hu","description":"\u00c9rzelmi intelligencia fejleszt\u00e9s \u00e9s k\u00f6z\u00f6ss\u00e9g\u00e9p\u00edt\u00e9s","publisher":{"@id":"https:\/\/kompatia.hu\/#organization"},"potentialAction":[{"@type":"SearchAction","target":{"@type":"EntryPoint","urlTemplate":"https:\/\/kompatia.hu\/?s={search_term_string}"},"query-input":{"@type":"PropertyValueSpecification","valueRequired":true,"valueName":"search_term_string"}}],"inLanguage":"en-GB"},{"@type":"Organization","@id":"https:\/\/kompatia.hu\/#organization","name":"kompatia.hu","url":"https:\/\/kompatia.hu\/","logo":{"@type":"ImageObject","inLanguage":"en-GB","@id":"https:\/\/kompatia.hu\/#\/schema\/logo\/image\/","url":"https:\/\/kompatia.hu\/wp-content\/uploads\/2022\/11\/cropped-cropped-logo-1.png","contentUrl":"https:\/\/kompatia.hu\/wp-content\/uploads\/2022\/11\/cropped-cropped-logo-1.png","width":840,"height":280,"caption":"kompatia.hu"},"image":{"@id":"https:\/\/kompatia.hu\/#\/schema\/logo\/image\/"},"sameAs":["https:\/\/www.facebook.com\/kompatia"]}]}},"_links":{"self":[{"href":"https:\/\/kompatia.hu\/en\/wp-json\/wp\/v2\/product\/643","targetHints":{"allow":["GET"]}}],"collection":[{"href":"https:\/\/kompatia.hu\/en\/wp-json\/wp\/v2\/product"}],"about":[{"href":"https:\/\/kompatia.hu\/en\/wp-json\/wp\/v2\/types\/product"}],"replies":[{"embeddable":true,"href":"https:\/\/kompatia.hu\/en\/wp-json\/wp\/v2\/comments?post=643"}],"wp:featuredmedia":[{"embeddable":true,"href":"https:\/\/kompatia.hu\/en\/wp-json\/wp\/v2\/media\/28518"}],"wp:attachment":[{"href":"https:\/\/kompatia.hu\/en\/wp-json\/wp\/v2\/media?parent=643"}],"wp:term":[{"taxonomy":"product_brand","embeddable":true,"href":"https:\/\/kompatia.hu\/en\/wp-json\/wp\/v2\/product_brand?post=643"},{"taxonomy":"product_cat","embeddable":true,"href":"https:\/\/kompatia.hu\/en\/wp-json\/wp\/v2\/product_cat?post=643"},{"taxonomy":"product_tag","embeddable":true,"href":"https:\/\/kompatia.hu\/en\/wp-json\/wp\/v2\/product_tag?post=643"}],"curies":[{"name":"wp","href":"https:\/\/api.w.org\/{rel}","templated":true}]}}